{"id":71,"date":"2025-01-14T16:47:37","date_gmt":"2025-01-14T16:47:37","guid":{"rendered":"https:\/\/atransfertobrazil.com\/produit\/67869529acb33\/"},"modified":"2025-01-14T16:47:37","modified_gmt":"2025-01-14T16:47:37","slug":"67869529acb33","status":"publish","type":"product","link":"https:\/\/atransfertobrazil.com\/en\/produit\/67869529acb33\/","title":{"rendered":"Ford Tourneo"},"content":{"rendered":"","protected":false},"excerpt":{"rendered":"","protected":false},"featured_media":0,"template":"","meta":{"_et_pb_use_builder":"","_et_pb_old_content":"","_et_gb_content_width":""},"product_brand":[],"product_cat":[],"product_tag":[],"class_list":{"0":"post-71","1":"product","2":"type-product","3":"status-publish","6":"first","7":"instock","8":"virtual","9":"sold-individually","10":"purchasable","11":"product-type-simple"},"yoast_head":"<!-- This site is optimized with the Yoast SEO plugin v27.2 - https:\/\/yoast.com\/product\/yoast-seo-wordpress\/ -->\n<title>Ford Tourneo - atransfertobrazil.com<\/title>\n<meta name=\"robots\" content=\"index, follow, max-snippet:-1, max-image-preview:large, max-video-preview:-1\" \/>\n<link rel=\"canonical\" href=\"https:\/\/atransfertobrazil.com\/en\/produit\/67869529acb33\/\" \/>\n<meta property=\"og:locale\" content=\"en_US\" \/>\n<meta property=\"og:type\" content=\"article\" \/>\n<meta property=\"og:title\" content=\"Ford Tourneo - atransfertobrazil.com\" \/>\n<meta property=\"og:url\" content=\"https:\/\/atransfertobrazil.com\/en\/produit\/67869529acb33\/\" \/>\n<meta property=\"og:site_name\" content=\"atransfertobrazil.com\" \/>\n<meta name=\"twitter:card\" content=\"summary_large_image\" \/>\n<script type=\"application\/ld+json\" class=\"yoast-schema-graph\">{\"@context\":\"https:\/\/schema.org\",\"@graph\":[{\"@type\":\"WebPage\",\"@id\":\"https:\/\/atransfertobrazil.com\/en\/produit\/67869529acb33\/\",\"url\":\"https:\/\/atransfertobrazil.com\/en\/produit\/67869529acb33\/\",\"name\":\"Ford Tourneo - atransfertobrazil.com\",\"isPartOf\":{\"@id\":\"https:\/\/atransfertobrazil.com\/en\/#website\"},\"datePublished\":\"2025-01-14T16:47:37+00:00\",\"breadcrumb\":{\"@id\":\"https:\/\/atransfertobrazil.com\/en\/produit\/67869529acb33\/#breadcrumb\"},\"inLanguage\":\"en-US\",\"potentialAction\":[{\"@type\":\"ReadAction\",\"target\":[\"https:\/\/atransfertobrazil.com\/en\/produit\/67869529acb33\/\"]}]},{\"@type\":\"BreadcrumbList\",\"@id\":\"https:\/\/atransfertobrazil.com\/en\/produit\/67869529acb33\/#breadcrumb\",\"itemListElement\":[{\"@type\":\"ListItem\",\"position\":1,\"name\":\"Home\",\"item\":\"https:\/\/atransfertobrazil.com\/en\/\"},{\"@type\":\"ListItem\",\"position\":2,\"name\":\"Shop\",\"item\":\"https:\/\/atransfertobrazil.com\/en\/shop\/\"},{\"@type\":\"ListItem\",\"position\":3,\"name\":\"Ford Tourneo\"}]},{\"@type\":\"WebSite\",\"@id\":\"https:\/\/atransfertobrazil.com\/en\/#website\",\"url\":\"https:\/\/atransfertobrazil.com\/en\/\",\"name\":\"atransfertobrazil.com\",\"description\":\"A Transfer to Brazil : La simplicit\u00e9 de vos d\u00e9placements \u00e0 travers le Br\u00e9sil.\",\"potentialAction\":[{\"@type\":\"SearchAction\",\"target\":{\"@type\":\"EntryPoint\",\"urlTemplate\":\"https:\/\/atransfertobrazil.com\/en\/?s={search_term_string}\"},\"query-input\":{\"@type\":\"PropertyValueSpecification\",\"valueRequired\":true,\"valueName\":\"search_term_string\"}}],\"inLanguage\":\"en-US\"}]}<\/script>\n<!-- \/ Yoast SEO plugin. -->","yoast_head_json":{"title":"Ford Tourneo - atransfertobrazil.com","robots":{"index":"index","follow":"follow","max-snippet":"max-snippet:-1","max-image-preview":"max-image-preview:large","max-video-preview":"max-video-preview:-1"},"canonical":"https:\/\/atransfertobrazil.com\/en\/produit\/67869529acb33\/","og_locale":"en_US","og_type":"article","og_title":"Ford Tourneo - atransfertobrazil.com","og_url":"https:\/\/atransfertobrazil.com\/en\/produit\/67869529acb33\/","og_site_name":"atransfertobrazil.com","twitter_card":"summary_large_image","schema":{"@context":"https:\/\/schema.org","@graph":[{"@type":"WebPage","@id":"https:\/\/atransfertobrazil.com\/en\/produit\/67869529acb33\/","url":"https:\/\/atransfertobrazil.com\/en\/produit\/67869529acb33\/","name":"Ford Tourneo - atransfertobrazil.com","isPartOf":{"@id":"https:\/\/atransfertobrazil.com\/en\/#website"},"datePublished":"2025-01-14T16:47:37+00:00","breadcrumb":{"@id":"https:\/\/atransfertobrazil.com\/en\/produit\/67869529acb33\/#breadcrumb"},"inLanguage":"en-US","potentialAction":[{"@type":"ReadAction","target":["https:\/\/atransfertobrazil.com\/en\/produit\/67869529acb33\/"]}]},{"@type":"BreadcrumbList","@id":"https:\/\/atransfertobrazil.com\/en\/produit\/67869529acb33\/#breadcrumb","itemListElement":[{"@type":"ListItem","position":1,"name":"Home","item":"https:\/\/atransfertobrazil.com\/en\/"},{"@type":"ListItem","position":2,"name":"Shop","item":"https:\/\/atransfertobrazil.com\/en\/shop\/"},{"@type":"ListItem","position":3,"name":"Ford Tourneo"}]},{"@type":"WebSite","@id":"https:\/\/atransfertobrazil.com\/en\/#website","url":"https:\/\/atransfertobrazil.com\/en\/","name":"atransfertobrazil.com","description":"A Transfer to Brazil : La simplicit\u00e9 de vos d\u00e9placements \u00e0 travers le Br\u00e9sil.","potentialAction":[{"@type":"SearchAction","target":{"@type":"EntryPoint","urlTemplate":"https:\/\/atransfertobrazil.com\/en\/?s={search_term_string}"},"query-input":{"@type":"PropertyValueSpecification","valueRequired":true,"valueName":"search_term_string"}}],"inLanguage":"en-US"}]}},"_links":{"self":[{"href":"https:\/\/atransfertobrazil.com\/en\/wp-json\/wp\/v2\/product\/71","targetHints":{"allow":["GET"]}}],"collection":[{"href":"https:\/\/atransfertobrazil.com\/en\/wp-json\/wp\/v2\/product"}],"about":[{"href":"https:\/\/atransfertobrazil.com\/en\/wp-json\/wp\/v2\/types\/product"}],"wp:attachment":[{"href":"https:\/\/atransfertobrazil.com\/en\/wp-json\/wp\/v2\/media?parent=71"}],"wp:term":[{"taxonomy":"product_brand","embeddable":true,"href":"https:\/\/atransfertobrazil.com\/en\/wp-json\/wp\/v2\/product_brand?post=71"},{"taxonomy":"product_cat","embeddable":true,"href":"https:\/\/atransfertobrazil.com\/en\/wp-json\/wp\/v2\/product_cat?post=71"},{"taxonomy":"product_tag","embeddable":true,"href":"https:\/\/atransfertobrazil.com\/en\/wp-json\/wp\/v2\/product_tag?post=71"}],"curies":[{"name":"wp","href":"https:\/\/api.w.org\/{rel}","templated":true}]}}