{"id":270372,"date":"2025-07-04T23:22:14","date_gmt":"2025-07-04T23:22:14","guid":{"rendered":"https:\/\/atransfertobrazil.com\/?page_id=270372"},"modified":"2026-01-10T07:37:22","modified_gmt":"2026-01-10T07:37:22","slug":"guided-tour-in-rio","status":"publish","type":"page","link":"https:\/\/atransfertobrazil.com\/en\/guided-tour-in-rio\/","title":{"rendered":"Visit Rio with a tour guide"},"content":{"rendered":"<p>[et_pb_section fb_built=&#8221;1&#8243; _builder_version=&#8221;4.27.4&#8243; _module_preset=&#8221;default&#8221; custom_padding=&#8221;0px|||||&#8221; locked=&#8221;off&#8221; global_colors_info=&#8221;{}&#8221;][et_pb_row admin_label=&#8221;row&#8221; _builder_version=&#8221;4.27.4&#8243; use_background_color_gradient=&#8221;on&#8221; background_color_gradient_stops=&#8221;rgba(12,162,255,0.34) 0%|rgba(41,196,169,0) 100%&#8221; background_enable_image=&#8221;off&#8221; parallax=&#8221;on&#8221; background_enable_video_mp4=&#8221;off&#8221; background_video_webm=&#8221;https:\/\/atransfertobrazil.com\/wp-content\/uploads\/2025\/07\/a-transfer-to-brazil-visites-rio-de-janeiro-tourisme-guide-video-05.webm&#8221; height=&#8221;400px&#8221; border_radii=&#8221;off|||20px|20px&#8221; locked=&#8221;off&#8221; global_colors_info=&#8221;{}&#8221;][et_pb_column type=&#8221;4_4&#8243; module_class=&#8221;glass padding-medium&#8221; _builder_version=&#8221;4.27.4&#8243; background_enable_image=&#8221;off&#8221; transform_scale=&#8221;170%|170%&#8221; custom_padding=&#8221;||||false|false&#8221; global_colors_info=&#8221;{}&#8221; custom_padding__hover=&#8221;|||&#8221;][et_pb_text _builder_version=&#8221;4.27.5&#8243; _module_preset=&#8221;default&#8221; text_font=&#8221;Be Vietnam Pro|||on|||||&#8221; text_text_color=&#8221;#FFFFFF&#8221; text_font_size=&#8221;40px&#8221; header_text_color=&#8221;#ffffff&#8221; header_font_size=&#8221;25px&#8221; text_orientation=&#8221;center&#8221; width_tablet=&#8221;&#8221; width_phone=&#8221;50%&#8221; width_last_edited=&#8221;on|phone&#8221; module_alignment=&#8221;center&#8221; custom_margin=&#8221;12%||0px||false|false&#8221; header_font_size_tablet=&#8221;25px&#8221; header_font_size_phone=&#8221;20px&#8221; header_font_size_last_edited=&#8221;on|phone&#8221; text_text_shadow_style=&#8221;preset3&#8243; global_colors_info=&#8221;{}&#8221;]<\/p>\n<h1>Guided tour in RIO<\/h1>\n<p>[\/et_pb_text][et_pb_icon font_icon=&#8221;&#x33;||divi||400&#8243; icon_color=&#8221;#ffffff&#8221; icon_width=&#8221;30px&#8221; _builder_version=&#8221;4.27.4&#8243; _module_preset=&#8221;default&#8221; global_colors_info=&#8221;{}&#8221;][\/et_pb_icon][\/et_pb_column][\/et_pb_row][\/et_pb_section][et_pb_section fb_built=&#8221;1&#8243; _builder_version=&#8221;4.27.4&#8243; _module_preset=&#8221;default&#8221; custom_padding=&#8221;0px|||||&#8221; locked=&#8221;off&#8221; global_colors_info=&#8221;{}&#8221;][et_pb_row column_structure=&#8221;1_2,1_2&#8243; use_custom_gutter=&#8221;on&#8221; make_equal=&#8221;on&#8221; admin_label=&#8221;row&#8221; _builder_version=&#8221;4.27.4&#8243; background_size=&#8221;initial&#8221; background_position=&#8221;top_left&#8221; background_repeat=&#8221;repeat&#8221; custom_padding=&#8221;||3px|||&#8221; locked=&#8221;off&#8221; global_colors_info=&#8221;{}&#8221;][et_pb_column type=&#8221;1_2&#8243; module_class=&#8221;glass padding-medium&#8221; _builder_version=&#8221;4.27.4&#8243; custom_padding=&#8221;|||&#8221; global_colors_info=&#8221;{}&#8221; custom_padding__hover=&#8221;|||&#8221;][dsm_gradient_text gradient_text=&#8221;Your customized tours in Rio de Janeiro&#8221; _builder_version=&#8221;4.27.4&#8243; _module_preset=&#8221;default&#8221; header_level=&#8221;h2&#8243; header_font=&#8221;Be Vietnam Pro|600|||||||&#8221; background_color_gradient_direction=&#8221;150deg&#8221; background_color_gradient_stops=&#8221;#0f800f 0%|#eccd0b 18%|#277bef 35%&#8221; text_orientation=&#8221;left&#8221; global_colors_info=&#8221;{}&#8221;][\/dsm_gradient_text][et_pb_text quote_border_color=&#8221;#277bef&#8221; _builder_version=&#8221;4.27.5&#8243; _module_preset=&#8221;default&#8221; quote_text_color=&#8221;#277bef&#8221; custom_padding=&#8221;29px|||||&#8221; global_colors_info=&#8221;{}&#8221;]<\/p>\n<p data-start=\"263\" data-end=\"415\"><strong>A Transfer To Brazil<\/strong> offers a tailor-made <strong>private tour service in Rio de Janeiro<\/strong>, accompanied by official tour guides.<\/p>\n<p>Enjoy an unforgettable <span class=\"sc-eDPEul hyaNGR AT-ate-chip--compact ate-chip--marker ate-chip ate-chip--compact ate-chip--marker\" data-segment=\"gid_0\" data-type=\"g\">experience aboard<\/span><strong><span class=\"sc-eDPEul hyaNGR AT-ate-chip--compact ate-chip--marker ate-chip ate-chip--compact ate-chip--marker\" data-segment=\"gid_0\" data-type=\"g\"> modern <\/span><\/strong>and <strong><span class=\"sc-eDPEul hyieuR AT-ate-chip--compact ate-chip--marker ate-chip ate-chip--compact ate-chip--marker\" data-segment=\"gid_1\" data-type=\"g\">comfortabl<\/span><span class=\"sc-eDPEul hyieuR AT-ate-chip--compact ate-chip--marker ate-chip ate-chip--compact ate-chip--marker\" data-segment=\"gid_1\" data-type=\"g\">e<\/span> vehicles<\/strong>, with personalized guidance throughout the day.<\/p>\n<p>&nbsp;<\/p>\n<blockquote>\n<p data-start=\"565\" data-end=\"701\"><strong><span class=\"sc-eDPEul hyaNGR AT-ate-chip--compact ate-chip--marker ate-chip ate-chip--compact ate-chip--marker\" data-segment=\"gid_0\" data-type=\"g\">Our goal :<\/span><\/strong> to provide you with <strong><span class=\"sc-eDPEul hyieuR AT-ate-chip--compact ate-chip--marker ate-chip ate-chip--compact ate-chip--marker\" data-segment=\"gid_1\" data-type=\"g\">top-quality<\/span><\/strong>, <strong><span class=\"sc-eDPEul cHhLaT AT-ate-chip--compact ate-chip--marker ate-chip ate-chip--compact ate-chip--marker\" data-segment=\"gid_2\" data-type=\"g\">excellent service<\/span><\/strong>, making your stay in Brazil as smooth as it is exceptional.<\/p>\n<\/blockquote>\n<p>[\/et_pb_text][\/et_pb_column][et_pb_column type=&#8221;1_2&#8243; module_class=&#8221;glass padding-medium&#8221; _builder_version=&#8221;4.27.4&#8243; custom_padding=&#8221;|||&#8221; global_colors_info=&#8221;{}&#8221; custom_padding__hover=&#8221;|||&#8221;][et_pb_pricing_tables featured_table_header_background_color=&#8221;#277bef&#8221; show_bullet=&#8221;off&#8221; featured_table_price_background_color=&#8221;RGBA(255,255,255,0)&#8221; _builder_version=&#8221;4.27.5&#8243; _module_preset=&#8221;default&#8221; price_text_color=&#8221;#277bef&#8221; price_font_size=&#8221;60px&#8221; button_alignment=&#8221;center&#8221; width=&#8221;90%&#8221; custom_padding=&#8221;23px||19px|||&#8221; hover_enabled=&#8221;0&#8243; global_colors_info=&#8221;{}&#8221; sticky_enabled=&#8221;0&#8243;][et_pb_pricing_table featured=&#8221;on&#8221; title=&#8221;Full-day tour&#8221; subtitle=&#8221;Starting from&#8221; currency=&#8221;$&#8221; per=&#8221;8h *&#8221; sum=&#8221;220&#8243; button_url=&#8221;#et_pb_contact_form_0&#8243; button_text=&#8221;Book&#8221; _builder_version=&#8221;4.27.5&#8243; _module_preset=&#8221;default&#8221; body_text_align=&#8221;center&#8221; button_alignment=&#8221;center&#8221; hover_enabled=&#8221;0&#8243; border_radii=&#8221;on|20px|20px|20px|20px&#8221; box_shadow_style=&#8221;preset1&#8243; global_colors_info=&#8221;{}&#8221; sticky_transition=&#8221;on&#8221; sticky_enabled=&#8221;0&#8243;]* Prices depend on the selected package. Please refer to the description below for more information.<br \/>\n[\/et_pb_pricing_table][\/et_pb_pricing_tables][\/et_pb_column][\/et_pb_row][et_pb_row admin_label=&#8221;row&#8221; _builder_version=&#8221;4.27.4&#8243; background_size=&#8221;initial&#8221; background_position=&#8221;top_left&#8221; background_repeat=&#8221;repeat&#8221; locked=&#8221;off&#8221; global_colors_info=&#8221;{}&#8221;][et_pb_column type=&#8221;4_4&#8243; module_class=&#8221;glass padding-medium&#8221; _builder_version=&#8221;4.27.4&#8243; custom_padding=&#8221;|||&#8221; global_colors_info=&#8221;{}&#8221; custom_padding__hover=&#8221;|||&#8221;][dsm_gradient_text gradient_text=&#8221;A unique experience of Rio&#8221; _builder_version=&#8221;4.27.4&#8243; _module_preset=&#8221;default&#8221; header_level=&#8221;h2&#8243; header_font=&#8221;Be Vietnam Pro|600|||||||&#8221; header_text_align=&#8221;center&#8221; background_color_gradient_direction=&#8221;150deg&#8221; background_color_gradient_stops=&#8221;#0f800f 25%|#eccd0b 43%|#277bef 63%&#8221; text_orientation=&#8221;left&#8221; custom_margin=&#8221;50px||50px|||&#8221; global_colors_info=&#8221;{}&#8221;][\/dsm_gradient_text][dsm_image_accordion _builder_version=&#8221;4.27.5&#8243; _module_preset=&#8221;default&#8221; custom_margin=&#8221;||5px|||&#8221; border_radii=&#8221;off|20px|20px||&#8221; global_colors_info=&#8221;{}&#8221;][dsm_image_accordion_child image_accordion_src=&#8221;https:\/\/atransfertobrazil.com\/wp-content\/uploads\/2025\/12\/a-transfert-to-brazil-blog-En-dehors-des-battus-arpoador.jpeg&#8221; use_accordion_icon=&#8221;on&#8221; image_accordion_icon=&#8221;&#xe083;||divi||400&#8243; title_text=&#8221;a-transfert-to-brazil-blog-En-dehors-des-battus-arpoador&#8221; image_accordion_title=&#8221;Classic Rio Day&#8221; image_accordion_desc=&#8221;(Corcovado \u2013 Sugarloaf Mountain \u2013 Santa Teresa Neighborhood)<br \/>\n&#8221; _builder_version=&#8221;4.27.5&#8243; _module_preset=&#8221;default&#8221; global_colors_info=&#8221;{}&#8221;][\/dsm_image_accordion_child][dsm_image_accordion_child image_accordion_src=&#8221;https:\/\/atransfertobrazil.com\/wp-content\/uploads\/2025\/12\/a-transfert-to-brazil-blog-En-dehors-des-battus-santa-teresa.jpeg&#8221; use_accordion_icon=&#8221;on&#8221; image_accordion_icon=&#8221;&#xf66f;||fa||900&#8243; title_text=&#8221;a-transfert-to-brazil-blog-En-dehors-des-battus-santa-teresa&#8221; image_accordion_title=&#8221;Nature &#038; History Day&#8221; image_accordion_desc=&#8221;(Historic Center \u2013 Colonial Churches \u2013 Tijuca Forest)&#8221; _builder_version=&#8221;4.27.5&#8243; _module_preset=&#8221;default&#8221; global_colors_info=&#8221;{}&#8221;][\/dsm_image_accordion_child][dsm_image_accordion_child image_accordion_src=&#8221;https:\/\/atransfertobrazil.com\/wp-content\/uploads\/2025\/12\/a-transfert-to-brazil-blog-En-dehors-des-battus-MAC.jpeg&#8221; use_accordion_icon=&#8221;on&#8221; image_accordion_icon=&#8221;&#xf14e;||fa||900&#8243; title_text=&#8221;a-transfert-to-brazil-blog-En-dehors-des-battus-MAC&#8221; image_accordion_title=&#8221;Niter\u00f3i Discovery Day&#8221; image_accordion_desc=&#8221;(Museum of Contemporary Art \u2013 Santa Cruz Fortress \u2013 Santa Teresa)&#8221; _builder_version=&#8221;4.27.5&#8243; _module_preset=&#8221;default&#8221; global_colors_info=&#8221;{}&#8221;][\/dsm_image_accordion_child][\/dsm_image_accordion][\/et_pb_column][\/et_pb_row][et_pb_row _builder_version=&#8221;4.27.4&#8243; _module_preset=&#8221;default&#8221; use_background_color_gradient=&#8221;on&#8221; background_color_gradient_direction=&#8221;150deg&#8221; background_color_gradient_stops=&#8221;#0f800f 0%|#eccd0b 30%|#277bef 70%&#8221; custom_margin=&#8221;-27px|auto||auto||&#8221; custom_padding=&#8221;30px|||34px||&#8221; border_radii=&#8221;off|||20px|20px&#8221; locked=&#8221;off&#8221; global_colors_info=&#8221;{}&#8221;][et_pb_column type=&#8221;4_4&#8243; _builder_version=&#8221;4.17.4&#8243; _module_preset=&#8221;default&#8221; global_colors_info=&#8221;{}&#8221;][et_pb_code _builder_version=&#8221;4.27.4&#8243; _module_preset=&#8221;default&#8221; global_colors_info=&#8221;{}&#8221;][et_pb_section global_module=\"270433\"][\/et_pb_section][\/et_pb_code][\/et_pb_column][\/et_pb_row][et_pb_row admin_label=&#8221;row&#8221; _builder_version=&#8221;4.27.4&#8243; background_size=&#8221;initial&#8221; background_position=&#8221;top_left&#8221; background_repeat=&#8221;repeat&#8221; custom_padding=&#8221;50px|||||&#8221; locked=&#8221;off&#8221; global_colors_info=&#8221;{}&#8221;][et_pb_column type=&#8221;4_4&#8243; module_class=&#8221;glass padding-medium&#8221; _builder_version=&#8221;4.27.4&#8243; custom_padding=&#8221;|||&#8221; global_colors_info=&#8221;{}&#8221; custom_padding__hover=&#8221;|||&#8221;][dsm_gradient_text gradient_text=&#8221;Book here&#8221; _builder_version=&#8221;4.27.4&#8243; _module_preset=&#8221;default&#8221; header_level=&#8221;h2&#8243; header_font=&#8221;Be Vietnam Pro|600|||||||&#8221; header_text_align=&#8221;center&#8221; background_color_gradient_direction=&#8221;150deg&#8221; background_color_gradient_stops=&#8221;#0f800f 35%|#eccd0b 47%|#277bef 57%&#8221; text_orientation=&#8221;left&#8221; global_colors_info=&#8221;{}&#8221;][\/dsm_gradient_text][et_pb_contact_form use_spam_service=&#8221;on&#8221; recaptcha_list=&#8221;Default|Default-0&#8243; email=&#8221;contact@atransfertobrazil.com&#8221; custom_message=&#8221;Message re\u00e7u du formulaire visite guid\u00e9e (EN) :||et_pb_line_break_holder||||et_pb_line_break_holder||Choix de la visite Guid\u00e9e : %%visite%%||et_pb_line_break_holder||||et_pb_line_break_holder||Pr\u00e9nom &#038; Nom du contact : %%Nom%%||et_pb_line_break_holder||||et_pb_line_break_holder||Mail : %%Email%%&#8221; success_message=&#8221;Form successfully submitted ! Thank you for taking the time to fill out the form. We have received your information and will contact you soon with the next steps.&#8221; submit_button_text=&#8221;Send&#8221; _builder_version=&#8221;4.27.5&#8243; _module_preset=&#8221;default&#8221; _unique_id=&#8221;ee8e45b7-a574-4965-89a8-ff1f2c0f0463&#8243; hover_enabled=&#8221;0&#8243; global_colors_info=&#8221;{}&#8221; sticky_enabled=&#8221;0&#8243;][et_pb_contact_field field_id=&#8221;visite&#8221; field_title=&#8221;Choose your guided tour&#8221; field_type=&#8221;radio&#8221; radio_options=&#8221;%91{%22value%22:%22Classic Rio Day \u2013 Duration : 8 hours, Price : R%92%92$ 1,200 (\u2248 $220), Number of participants : 1 to 4 people%22,%22checked%22:0,%22dragID%22:-1},{%22value%22:%22Nature &#038; History Day \u2013 Duration : 8 hours, Price : R$ 1,200 (\u2248 $220), Number of participants : 1 to 4 people%22,%22checked%22:0,%22dragID%22:0},{%22value%22:%22Niter\u00f3i Discovery Day \u2013 Duration: 8 hours, Price: R%92%92$ 1,200 (\u2248 $220), Number of participants: 1 to 4 people%22,%22checked%22:0,%22dragID%22:1}%93&#8243; fullwidth_field=&#8221;on&#8221; _builder_version=&#8221;4.27.5&#8243; _module_preset=&#8221;default&#8221; hover_enabled=&#8221;0&#8243; global_colors_info=&#8221;{}&#8221; sticky_enabled=&#8221;0&#8243;][\/et_pb_contact_field][et_pb_contact_field field_id=&#8221;date&#8221; field_title=&#8221;Date : 00 \/ 00 \/ 000&#8243; fullwidth_field=&#8221;on&#8221; _builder_version=&#8221;4.27.4&#8243; _module_preset=&#8221;default&#8221; module_alignment=&#8221;center&#8221; global_colors_info=&#8221;{}&#8221;][\/et_pb_contact_field][et_pb_contact_field field_id=&#8221;name&#8221; field_title=&#8221;First \/ Last Name :&#8221; _builder_version=&#8221;4.27.4&#8243; global_colors_info=&#8221;{}&#8221; button_text_size__hover_enabled=&#8221;off&#8221; button_one_text_size__hover_enabled=&#8221;off&#8221; button_two_text_size__hover_enabled=&#8221;off&#8221; button_text_color__hover_enabled=&#8221;off&#8221; button_one_text_color__hover_enabled=&#8221;off&#8221; button_two_text_color__hover_enabled=&#8221;off&#8221; button_border_width__hover_enabled=&#8221;off&#8221; button_one_border_width__hover_enabled=&#8221;off&#8221; button_two_border_width__hover_enabled=&#8221;off&#8221; button_border_color__hover_enabled=&#8221;off&#8221; button_one_border_color__hover_enabled=&#8221;off&#8221; button_two_border_color__hover_enabled=&#8221;off&#8221; button_border_radius__hover_enabled=&#8221;off&#8221; button_one_border_radius__hover_enabled=&#8221;off&#8221; button_two_border_radius__hover_enabled=&#8221;off&#8221; button_letter_spacing__hover_enabled=&#8221;off&#8221; button_one_letter_spacing__hover_enabled=&#8221;off&#8221; button_two_letter_spacing__hover_enabled=&#8221;off&#8221; button_bg_color__hover_enabled=&#8221;off&#8221; button_one_bg_color__hover_enabled=&#8221;off&#8221; button_two_bg_color__hover_enabled=&#8221;off&#8221;][\/et_pb_contact_field][et_pb_contact_field field_id=&#8221;email&#8221; field_title=&#8221;Email address :&#8221; field_type=&#8221;email&#8221; _builder_version=&#8221;4.27.4&#8243; global_colors_info=&#8221;{}&#8221; button_text_size__hover_enabled=&#8221;off&#8221; button_one_text_size__hover_enabled=&#8221;off&#8221; button_two_text_size__hover_enabled=&#8221;off&#8221; button_text_color__hover_enabled=&#8221;off&#8221; button_one_text_color__hover_enabled=&#8221;off&#8221; button_two_text_color__hover_enabled=&#8221;off&#8221; button_border_width__hover_enabled=&#8221;off&#8221; button_one_border_width__hover_enabled=&#8221;off&#8221; button_two_border_width__hover_enabled=&#8221;off&#8221; button_border_color__hover_enabled=&#8221;off&#8221; button_one_border_color__hover_enabled=&#8221;off&#8221; button_two_border_color__hover_enabled=&#8221;off&#8221; button_border_radius__hover_enabled=&#8221;off&#8221; button_one_border_radius__hover_enabled=&#8221;off&#8221; button_two_border_radius__hover_enabled=&#8221;off&#8221; button_letter_spacing__hover_enabled=&#8221;off&#8221; button_one_letter_spacing__hover_enabled=&#8221;off&#8221; button_two_letter_spacing__hover_enabled=&#8221;off&#8221; button_bg_color__hover_enabled=&#8221;off&#8221; button_one_bg_color__hover_enabled=&#8221;off&#8221; button_two_bg_color__hover_enabled=&#8221;off&#8221;][\/et_pb_contact_field][et_pb_contact_field field_id=&#8221;message&#8221; field_title=&#8221;Message :&#8221; field_type=&#8221;text&#8221; fullwidth_field=&#8221;on&#8221; _builder_version=&#8221;4.27.4&#8243; global_colors_info=&#8221;{}&#8221; button_text_size__hover_enabled=&#8221;off&#8221; button_one_text_size__hover_enabled=&#8221;off&#8221; button_two_text_size__hover_enabled=&#8221;off&#8221; button_text_color__hover_enabled=&#8221;off&#8221; button_one_text_color__hover_enabled=&#8221;off&#8221; button_two_text_color__hover_enabled=&#8221;off&#8221; button_border_width__hover_enabled=&#8221;off&#8221; button_one_border_width__hover_enabled=&#8221;off&#8221; button_two_border_width__hover_enabled=&#8221;off&#8221; button_border_color__hover_enabled=&#8221;off&#8221; button_one_border_color__hover_enabled=&#8221;off&#8221; button_two_border_color__hover_enabled=&#8221;off&#8221; button_border_radius__hover_enabled=&#8221;off&#8221; button_one_border_radius__hover_enabled=&#8221;off&#8221; button_two_border_radius__hover_enabled=&#8221;off&#8221; button_letter_spacing__hover_enabled=&#8221;off&#8221; button_one_letter_spacing__hover_enabled=&#8221;off&#8221; button_two_letter_spacing__hover_enabled=&#8221;off&#8221; button_bg_color__hover_enabled=&#8221;off&#8221; button_one_bg_color__hover_enabled=&#8221;off&#8221; button_two_bg_color__hover_enabled=&#8221;off&#8221;][\/et_pb_contact_field][\/et_pb_contact_form][\/et_pb_column][\/et_pb_row][\/et_pb_section]<\/p>\n","protected":false},"excerpt":{"rendered":"<p>Explore Rio with a French guide. Visit Corcovado, Sugarloaf &#038; Santa Teresa in a private air-conditioned vehicle. Book your tour now !<\/p>\n","protected":false},"author":1,"featured_media":0,"parent":0,"menu_order":0,"comment_status":"closed","ping_status":"closed","template":"","meta":{"_et_pb_use_builder":"on","_et_pb_old_content":"","_et_gb_content_width":"","footnotes":""},"class_list":["post-270372","page","type-page","status-publish","hentry"],"yoast_head":"<!-- This site is optimized with the Yoast SEO plugin v27.2 - https:\/\/yoast.com\/product\/yoast-seo-wordpress\/ -->\n<title>Visit Rio with a tour guide - atransfertobrazil.com<\/title>\n<meta name=\"description\" content=\"Explore Rio with a French guide. Visit Corcovado, Sugarloaf &amp; Santa Teresa in a private air-conditioned vehicle. Book your tour now !\" \/>\n<meta name=\"robots\" content=\"index, follow, max-snippet:-1, max-image-preview:large, max-video-preview:-1\" \/>\n<link rel=\"canonical\" href=\"https:\/\/atransfertobrazil.com\/en\/guided-tour-in-rio\/\" \/>\n<meta property=\"og:locale\" content=\"en_US\" \/>\n<meta property=\"og:type\" content=\"article\" \/>\n<meta property=\"og:title\" content=\"Visit Rio with a tour guide - atransfertobrazil.com\" \/>\n<meta property=\"og:description\" content=\"Explore Rio with a French guide. Visit Corcovado, Sugarloaf &amp; Santa Teresa in a private air-conditioned vehicle. Book your tour now !\" \/>\n<meta property=\"og:url\" content=\"https:\/\/atransfertobrazil.com\/en\/guided-tour-in-rio\/\" \/>\n<meta property=\"og:site_name\" content=\"atransfertobrazil.com\" \/>\n<meta property=\"article:modified_time\" content=\"2026-01-10T07:37:22+00:00\" \/>\n<meta name=\"twitter:card\" content=\"summary_large_image\" \/>\n<meta name=\"twitter:label1\" content=\"Est. reading time\" \/>\n\t<meta name=\"twitter:data1\" content=\"1 minute\" \/>\n<script type=\"application\/ld+json\" class=\"yoast-schema-graph\">{\"@context\":\"https:\/\/schema.org\",\"@graph\":[{\"@type\":\"WebPage\",\"@id\":\"https:\/\/atransfertobrazil.com\/en\/guided-tour-in-rio\/\",\"url\":\"https:\/\/atransfertobrazil.com\/en\/guided-tour-in-rio\/\",\"name\":\"Visit Rio with a tour guide - atransfertobrazil.com\",\"isPartOf\":{\"@id\":\"https:\/\/atransfertobrazil.com\/en\/#website\"},\"datePublished\":\"2025-07-04T23:22:14+00:00\",\"dateModified\":\"2026-01-10T07:37:22+00:00\",\"description\":\"Explore Rio with a French guide. Visit Corcovado, Sugarloaf & Santa Teresa in a private air-conditioned vehicle. Book your tour now !\",\"breadcrumb\":{\"@id\":\"https:\/\/atransfertobrazil.com\/en\/guided-tour-in-rio\/#breadcrumb\"},\"inLanguage\":\"en-US\",\"potentialAction\":[{\"@type\":\"ReadAction\",\"target\":[\"https:\/\/atransfertobrazil.com\/en\/guided-tour-in-rio\/\"]}]},{\"@type\":\"BreadcrumbList\",\"@id\":\"https:\/\/atransfertobrazil.com\/en\/guided-tour-in-rio\/#breadcrumb\",\"itemListElement\":[{\"@type\":\"ListItem\",\"position\":1,\"name\":\"Home\",\"item\":\"https:\/\/atransfertobrazil.com\/en\/\"},{\"@type\":\"ListItem\",\"position\":2,\"name\":\"Visit Rio with a tour guide\"}]},{\"@type\":\"WebSite\",\"@id\":\"https:\/\/atransfertobrazil.com\/en\/#website\",\"url\":\"https:\/\/atransfertobrazil.com\/en\/\",\"name\":\"atransfertobrazil.com\",\"description\":\"A Transfer to Brazil : La simplicit\u00e9 de vos d\u00e9placements \u00e0 travers le Br\u00e9sil.\",\"potentialAction\":[{\"@type\":\"SearchAction\",\"target\":{\"@type\":\"EntryPoint\",\"urlTemplate\":\"https:\/\/atransfertobrazil.com\/en\/?s={search_term_string}\"},\"query-input\":{\"@type\":\"PropertyValueSpecification\",\"valueRequired\":true,\"valueName\":\"search_term_string\"}}],\"inLanguage\":\"en-US\"}]}<\/script>\n<!-- \/ Yoast SEO plugin. -->","yoast_head_json":{"title":"Visit Rio with a tour guide - atransfertobrazil.com","description":"Explore Rio with a French guide. Visit Corcovado, Sugarloaf & Santa Teresa in a private air-conditioned vehicle. Book your tour now !","robots":{"index":"index","follow":"follow","max-snippet":"max-snippet:-1","max-image-preview":"max-image-preview:large","max-video-preview":"max-video-preview:-1"},"canonical":"https:\/\/atransfertobrazil.com\/en\/guided-tour-in-rio\/","og_locale":"en_US","og_type":"article","og_title":"Visit Rio with a tour guide - atransfertobrazil.com","og_description":"Explore Rio with a French guide. Visit Corcovado, Sugarloaf & Santa Teresa in a private air-conditioned vehicle. Book your tour now !","og_url":"https:\/\/atransfertobrazil.com\/en\/guided-tour-in-rio\/","og_site_name":"atransfertobrazil.com","article_modified_time":"2026-01-10T07:37:22+00:00","twitter_card":"summary_large_image","twitter_misc":{"Est. reading time":"1 minute"},"schema":{"@context":"https:\/\/schema.org","@graph":[{"@type":"WebPage","@id":"https:\/\/atransfertobrazil.com\/en\/guided-tour-in-rio\/","url":"https:\/\/atransfertobrazil.com\/en\/guided-tour-in-rio\/","name":"Visit Rio with a tour guide - atransfertobrazil.com","isPartOf":{"@id":"https:\/\/atransfertobrazil.com\/en\/#website"},"datePublished":"2025-07-04T23:22:14+00:00","dateModified":"2026-01-10T07:37:22+00:00","description":"Explore Rio with a French guide. Visit Corcovado, Sugarloaf & Santa Teresa in a private air-conditioned vehicle. Book your tour now !","breadcrumb":{"@id":"https:\/\/atransfertobrazil.com\/en\/guided-tour-in-rio\/#breadcrumb"},"inLanguage":"en-US","potentialAction":[{"@type":"ReadAction","target":["https:\/\/atransfertobrazil.com\/en\/guided-tour-in-rio\/"]}]},{"@type":"BreadcrumbList","@id":"https:\/\/atransfertobrazil.com\/en\/guided-tour-in-rio\/#breadcrumb","itemListElement":[{"@type":"ListItem","position":1,"name":"Home","item":"https:\/\/atransfertobrazil.com\/en\/"},{"@type":"ListItem","position":2,"name":"Visit Rio with a tour guide"}]},{"@type":"WebSite","@id":"https:\/\/atransfertobrazil.com\/en\/#website","url":"https:\/\/atransfertobrazil.com\/en\/","name":"atransfertobrazil.com","description":"A Transfer to Brazil : La simplicit\u00e9 de vos d\u00e9placements \u00e0 travers le Br\u00e9sil.","potentialAction":[{"@type":"SearchAction","target":{"@type":"EntryPoint","urlTemplate":"https:\/\/atransfertobrazil.com\/en\/?s={search_term_string}"},"query-input":{"@type":"PropertyValueSpecification","valueRequired":true,"valueName":"search_term_string"}}],"inLanguage":"en-US"}]}},"_links":{"self":[{"href":"https:\/\/atransfertobrazil.com\/en\/wp-json\/wp\/v2\/pages\/270372","targetHints":{"allow":["GET"]}}],"collection":[{"href":"https:\/\/atransfertobrazil.com\/en\/wp-json\/wp\/v2\/pages"}],"about":[{"href":"https:\/\/atransfertobrazil.com\/en\/wp-json\/wp\/v2\/types\/page"}],"author":[{"embeddable":true,"href":"https:\/\/atransfertobrazil.com\/en\/wp-json\/wp\/v2\/users\/1"}],"replies":[{"embeddable":true,"href":"https:\/\/atransfertobrazil.com\/en\/wp-json\/wp\/v2\/comments?post=270372"}],"version-history":[{"count":16,"href":"https:\/\/atransfertobrazil.com\/en\/wp-json\/wp\/v2\/pages\/270372\/revisions"}],"predecessor-version":[{"id":270737,"href":"https:\/\/atransfertobrazil.com\/en\/wp-json\/wp\/v2\/pages\/270372\/revisions\/270737"}],"wp:attachment":[{"href":"https:\/\/atransfertobrazil.com\/en\/wp-json\/wp\/v2\/media?parent=270372"}],"curies":[{"name":"wp","href":"https:\/\/api.w.org\/{rel}","templated":true}]}}