{"id":2137,"date":"2025-02-24T01:41:02","date_gmt":"2025-02-24T01:41:02","guid":{"rendered":"https:\/\/atransfertobrazil.com\/transfer-validation\/"},"modified":"2025-04-10T23:50:46","modified_gmt":"2025-04-10T23:50:46","slug":"transfer-validation","status":"publish","type":"page","link":"https:\/\/atransfertobrazil.com\/en\/transfer-validation\/","title":{"rendered":"Transfer Validation"},"content":{"rendered":"<p>[et_pb_section fb_built=&#8221;1&#8243; _builder_version=&#8221;4.27.4&#8243; _module_preset=&#8221;default&#8221; custom_padding=&#8221;0px|||||&#8221; global_colors_info=&#8221;{}&#8221; theme_builder_area=&#8221;post_content&#8221;][et_pb_row admin_label=&#8221;row&#8221; _builder_version=&#8221;4.27.4&#8243; use_background_color_gradient=&#8221;on&#8221; background_color_gradient_stops=&#8221;#0f800f 0%|rgba(41,196,169,0) 100%&#8221; background_color_gradient_overlays_image=&#8221;on&#8221; background_image=&#8221;https:\/\/atransfertobrazil.com\/wp-content\/uploads\/2025\/02\/atransfertobrazil-reservation-cab-taxi-transfer-rio-de-janeiro-brazil-ia-02.jpg&#8221; parallax=&#8221;on&#8221; height=&#8221;400px&#8221; border_radii=&#8221;off|||20px|20px&#8221; locked=&#8221;off&#8221; global_colors_info=&#8221;{}&#8221; theme_builder_area=&#8221;post_content&#8221;][et_pb_column type=&#8221;4_4&#8243; module_class=&#8221;glass padding-medium&#8221; _builder_version=&#8221;4.27.4&#8243; background_enable_image=&#8221;off&#8221; transform_scale=&#8221;170%|170%&#8221; custom_padding=&#8221;||||false|false&#8221; global_colors_info=&#8221;{}&#8221; custom_padding__hover=&#8221;|||&#8221; theme_builder_area=&#8221;post_content&#8221;][et_pb_text _builder_version=&#8221;4.27.4&#8243; _module_preset=&#8221;default&#8221; text_font=&#8221;Be Vietnam Pro|||on|||||&#8221; text_text_color=&#8221;#FFFFFF&#8221; text_font_size=&#8221;40px&#8221; header_text_color=&#8221;#ffffff&#8221; header_font_size=&#8221;25px&#8221; text_orientation=&#8221;center&#8221; width_tablet=&#8221;&#8221; width_phone=&#8221;50%&#8221; width_last_edited=&#8221;on|phone&#8221; module_alignment=&#8221;center&#8221; custom_margin=&#8221;12%||0px||false|false&#8221; hover_enabled=&#8221;0&#8243; header_font_size_tablet=&#8221;25px&#8221; header_font_size_phone=&#8221;20px&#8221; header_font_size_last_edited=&#8221;on|phone&#8221; text_text_shadow_style=&#8221;preset3&#8243; global_colors_info=&#8221;{}&#8221; theme_builder_area=&#8221;post_content&#8221; sticky_enabled=&#8221;0&#8243;]<\/p>\n<h1>Validation of Your Transfer<\/h1>\n<p>[\/et_pb_text][et_pb_icon font_icon=&#8221;&#x33;||divi||400&#8243; icon_color=&#8221;#ffffff&#8221; icon_width=&#8221;30px&#8221; _builder_version=&#8221;4.27.4&#8243; _module_preset=&#8221;default&#8221; global_colors_info=&#8221;{}&#8221; theme_builder_area=&#8221;post_content&#8221;][\/et_pb_icon][\/et_pb_column][\/et_pb_row][\/et_pb_section][et_pb_section fb_built=&#8221;1&#8243; admin_label=&#8221;section&#8221; _builder_version=&#8221;4.16&#8243; custom_padding=&#8221;0px|||||&#8221; locked=&#8221;off&#8221; global_colors_info=&#8221;{}&#8221; theme_builder_area=&#8221;post_content&#8221;][et_pb_row admin_label=&#8221;row&#8221; _builder_version=&#8221;4.27.4&#8243; background_size=&#8221;initial&#8221; background_position=&#8221;top_left&#8221; background_repeat=&#8221;repeat&#8221; locked=&#8221;off&#8221; global_colors_info=&#8221;{}&#8221; theme_builder_area=&#8221;post_content&#8221;][et_pb_column type=&#8221;4_4&#8243; module_class=&#8221;glass padding-medium&#8221; _builder_version=&#8221;4.27.4&#8243; custom_padding=&#8221;|||&#8221; global_colors_info=&#8221;{}&#8221; custom_padding__hover=&#8221;|||&#8221; theme_builder_area=&#8221;post_content&#8221;][dsm_gradient_text gradient_text=&#8221;Thank you for your reservation !&#8221; _builder_version=&#8221;4.27.4&#8243; _module_preset=&#8221;default&#8221; header_level=&#8221;h2&#8243; header_font=&#8221;Be Vietnam Pro|600|||||||&#8221; background_color_gradient_direction=&#8221;150deg&#8221; background_color_gradient_stops=&#8221;#0f800f 35%|#eccd0b 50%|#277bef 65%&#8221; text_orientation=&#8221;center&#8221; hover_enabled=&#8221;0&#8243; global_colors_info=&#8221;{}&#8221; theme_builder_area=&#8221;post_content&#8221; sticky_enabled=&#8221;0&#8243;][\/dsm_gradient_text][\/et_pb_column][\/et_pb_row][et_pb_row admin_label=&#8221;row&#8221; _builder_version=&#8221;4.16&#8243; background_size=&#8221;initial&#8221; background_position=&#8221;top_left&#8221; background_repeat=&#8221;repeat&#8221; global_colors_info=&#8221;{}&#8221; theme_builder_area=&#8221;post_content&#8221;][et_pb_column type=&#8221;4_4&#8243; _builder_version=&#8221;4.16&#8243; custom_padding=&#8221;|||&#8221; global_colors_info=&#8221;{}&#8221; custom_padding__hover=&#8221;|||&#8221; theme_builder_area=&#8221;post_content&#8221;][et_pb_text _builder_version=&#8221;4.27.4&#8243; _module_preset=&#8221;default&#8221; theme_builder_area=&#8221;post_content&#8221; hover_enabled=&#8221;0&#8243; sticky_enabled=&#8221;0&#8243;]<\/p>\n<p style=\"text-align: left;\">A <strong>summary email <\/strong>has been sent to you, detailing all the information about your transfer. We are committed to providing you with quality service and remain at your disposal for any questions or modifications to your booking. <\/p>\n<p>[\/et_pb_text][\/et_pb_column][\/et_pb_row][\/et_pb_section]<\/p>\n","protected":false},"excerpt":{"rendered":"<p>Validation of Your Transfer<div class=\"et_pb_module dsm_gradient_text dsm_gradient_text_0  et_pb_text_align_center\">\n\t\t\t\t\n\t\t\t\t\n\t\t\t\t\n\t\t\t\t\n\t\t\t\t\n\t\t\t\t\n\t\t\t\t<div class=\"et_pb_module_inner\">\n\t\t\t\t\t<h2 class=\"dsm-gradient-text et_pb_module_header\">Thank you for your reservation !<\/h2>\n\t\t\t\t<\/div>\n\t\t\t<\/div>A summary email has been sent to you, detailing all the information about your transfer. We are committed to providing you with quality service and remain at your disposal for any questions or modifications to your booking.<\/p>\n","protected":false},"author":1,"featured_media":0,"parent":0,"menu_order":0,"comment_status":"closed","ping_status":"closed","template":"","meta":{"_et_pb_use_builder":"on","_et_pb_old_content":"","_et_gb_content_width":"","footnotes":""},"class_list":["post-2137","page","type-page","status-publish","hentry"],"yoast_head":"<!-- This site is optimized with the Yoast SEO plugin v27.2 - https:\/\/yoast.com\/product\/yoast-seo-wordpress\/ -->\n<title>Transfer Validation - atransfertobrazil.com<\/title>\n<meta name=\"robots\" content=\"index, follow, max-snippet:-1, max-image-preview:large, max-video-preview:-1\" \/>\n<link rel=\"canonical\" href=\"https:\/\/atransfertobrazil.com\/en\/transfer-validation\/\" \/>\n<meta property=\"og:locale\" content=\"en_US\" \/>\n<meta property=\"og:type\" content=\"article\" \/>\n<meta property=\"og:title\" content=\"Transfer Validation - atransfertobrazil.com\" \/>\n<meta property=\"og:description\" content=\"Validation of Your TransferA summary email has been sent to you, detailing all the information about your transfer. We are committed to providing you with quality service and remain at your disposal for any questions or modifications to your booking.\" \/>\n<meta property=\"og:url\" content=\"https:\/\/atransfertobrazil.com\/en\/transfer-validation\/\" \/>\n<meta property=\"og:site_name\" content=\"atransfertobrazil.com\" \/>\n<meta property=\"article:modified_time\" content=\"2025-04-10T23:50:46+00:00\" \/>\n<meta name=\"twitter:card\" content=\"summary_large_image\" \/>\n<meta name=\"twitter:label1\" content=\"Est. reading time\" \/>\n\t<meta name=\"twitter:data1\" content=\"2 minutes\" \/>\n<script type=\"application\/ld+json\" class=\"yoast-schema-graph\">{\"@context\":\"https:\/\/schema.org\",\"@graph\":[{\"@type\":\"WebPage\",\"@id\":\"https:\/\/atransfertobrazil.com\/en\/transfer-validation\/\",\"url\":\"https:\/\/atransfertobrazil.com\/en\/transfer-validation\/\",\"name\":\"Transfer Validation - atransfertobrazil.com\",\"isPartOf\":{\"@id\":\"https:\/\/atransfertobrazil.com\/en\/#website\"},\"datePublished\":\"2025-02-24T01:41:02+00:00\",\"dateModified\":\"2025-04-10T23:50:46+00:00\",\"breadcrumb\":{\"@id\":\"https:\/\/atransfertobrazil.com\/en\/transfer-validation\/#breadcrumb\"},\"inLanguage\":\"en-US\",\"potentialAction\":[{\"@type\":\"ReadAction\",\"target\":[\"https:\/\/atransfertobrazil.com\/en\/transfer-validation\/\"]}]},{\"@type\":\"BreadcrumbList\",\"@id\":\"https:\/\/atransfertobrazil.com\/en\/transfer-validation\/#breadcrumb\",\"itemListElement\":[{\"@type\":\"ListItem\",\"position\":1,\"name\":\"Home\",\"item\":\"https:\/\/atransfertobrazil.com\/en\/\"},{\"@type\":\"ListItem\",\"position\":2,\"name\":\"Transfer Validation\"}]},{\"@type\":\"WebSite\",\"@id\":\"https:\/\/atransfertobrazil.com\/en\/#website\",\"url\":\"https:\/\/atransfertobrazil.com\/en\/\",\"name\":\"atransfertobrazil.com\",\"description\":\"A Transfer to Brazil : La simplicit\u00e9 de vos d\u00e9placements \u00e0 travers le Br\u00e9sil.\",\"potentialAction\":[{\"@type\":\"SearchAction\",\"target\":{\"@type\":\"EntryPoint\",\"urlTemplate\":\"https:\/\/atransfertobrazil.com\/en\/?s={search_term_string}\"},\"query-input\":{\"@type\":\"PropertyValueSpecification\",\"valueRequired\":true,\"valueName\":\"search_term_string\"}}],\"inLanguage\":\"en-US\"}]}<\/script>\n<!-- \/ Yoast SEO plugin. -->","yoast_head_json":{"title":"Transfer Validation - atransfertobrazil.com","robots":{"index":"index","follow":"follow","max-snippet":"max-snippet:-1","max-image-preview":"max-image-preview:large","max-video-preview":"max-video-preview:-1"},"canonical":"https:\/\/atransfertobrazil.com\/en\/transfer-validation\/","og_locale":"en_US","og_type":"article","og_title":"Transfer Validation - atransfertobrazil.com","og_description":"Validation of Your TransferA summary email has been sent to you, detailing all the information about your transfer. We are committed to providing you with quality service and remain at your disposal for any questions or modifications to your booking.","og_url":"https:\/\/atransfertobrazil.com\/en\/transfer-validation\/","og_site_name":"atransfertobrazil.com","article_modified_time":"2025-04-10T23:50:46+00:00","twitter_card":"summary_large_image","twitter_misc":{"Est. reading time":"2 minutes"},"schema":{"@context":"https:\/\/schema.org","@graph":[{"@type":"WebPage","@id":"https:\/\/atransfertobrazil.com\/en\/transfer-validation\/","url":"https:\/\/atransfertobrazil.com\/en\/transfer-validation\/","name":"Transfer Validation - atransfertobrazil.com","isPartOf":{"@id":"https:\/\/atransfertobrazil.com\/en\/#website"},"datePublished":"2025-02-24T01:41:02+00:00","dateModified":"2025-04-10T23:50:46+00:00","breadcrumb":{"@id":"https:\/\/atransfertobrazil.com\/en\/transfer-validation\/#breadcrumb"},"inLanguage":"en-US","potentialAction":[{"@type":"ReadAction","target":["https:\/\/atransfertobrazil.com\/en\/transfer-validation\/"]}]},{"@type":"BreadcrumbList","@id":"https:\/\/atransfertobrazil.com\/en\/transfer-validation\/#breadcrumb","itemListElement":[{"@type":"ListItem","position":1,"name":"Home","item":"https:\/\/atransfertobrazil.com\/en\/"},{"@type":"ListItem","position":2,"name":"Transfer Validation"}]},{"@type":"WebSite","@id":"https:\/\/atransfertobrazil.com\/en\/#website","url":"https:\/\/atransfertobrazil.com\/en\/","name":"atransfertobrazil.com","description":"A Transfer to Brazil : La simplicit\u00e9 de vos d\u00e9placements \u00e0 travers le Br\u00e9sil.","potentialAction":[{"@type":"SearchAction","target":{"@type":"EntryPoint","urlTemplate":"https:\/\/atransfertobrazil.com\/en\/?s={search_term_string}"},"query-input":{"@type":"PropertyValueSpecification","valueRequired":true,"valueName":"search_term_string"}}],"inLanguage":"en-US"}]}},"_links":{"self":[{"href":"https:\/\/atransfertobrazil.com\/en\/wp-json\/wp\/v2\/pages\/2137","targetHints":{"allow":["GET"]}}],"collection":[{"href":"https:\/\/atransfertobrazil.com\/en\/wp-json\/wp\/v2\/pages"}],"about":[{"href":"https:\/\/atransfertobrazil.com\/en\/wp-json\/wp\/v2\/types\/page"}],"author":[{"embeddable":true,"href":"https:\/\/atransfertobrazil.com\/en\/wp-json\/wp\/v2\/users\/1"}],"replies":[{"embeddable":true,"href":"https:\/\/atransfertobrazil.com\/en\/wp-json\/wp\/v2\/comments?post=2137"}],"version-history":[{"count":13,"href":"https:\/\/atransfertobrazil.com\/en\/wp-json\/wp\/v2\/pages\/2137\/revisions"}],"predecessor-version":[{"id":2187,"href":"https:\/\/atransfertobrazil.com\/en\/wp-json\/wp\/v2\/pages\/2137\/revisions\/2187"}],"wp:attachment":[{"href":"https:\/\/atransfertobrazil.com\/en\/wp-json\/wp\/v2\/media?parent=2137"}],"curies":[{"name":"wp","href":"https:\/\/api.w.org\/{rel}","templated":true}]}}