{"id":2010,"date":"2025-01-23T05:14:47","date_gmt":"2025-01-23T05:14:47","guid":{"rendered":"https:\/\/atransfertobrazil.com\/site-map\/"},"modified":"2025-06-04T00:27:21","modified_gmt":"2025-06-04T00:27:21","slug":"site-map-en","status":"publish","type":"page","link":"https:\/\/atransfertobrazil.com\/en\/site-map-en\/","title":{"rendered":"Site Map"},"content":{"rendered":"<p>[et_pb_section fb_built=&#8221;1&#8243; _builder_version=&#8221;4.27.4&#8243; _module_preset=&#8221;default&#8221; custom_padding=&#8221;0px|||||&#8221; locked=&#8221;off&#8221; global_colors_info=&#8221;{}&#8221;][et_pb_row admin_label=&#8221;row&#8221; _builder_version=&#8221;4.27.4&#8243; use_background_color_gradient=&#8221;on&#8221; background_color_gradient_stops=&#8221;#eccd0b 0%|rgba(41,196,169,0) 100%&#8221; background_color_gradient_overlays_image=&#8221;on&#8221; background_image=&#8221;https:\/\/atransfertobrazil.com\/wp-content\/uploads\/2025\/02\/atransfertobrazil-legal-hero-cab-taxi-transfer-rio-de-janeiro-img04.jpg&#8221; parallax=&#8221;on&#8221; height=&#8221;400px&#8221; border_radii=&#8221;off|||20px|20px&#8221; locked=&#8221;off&#8221; global_colors_info=&#8221;{}&#8221;][et_pb_column type=&#8221;4_4&#8243; module_class=&#8221;glass padding-medium&#8221; _builder_version=&#8221;4.27.4&#8243; background_enable_image=&#8221;off&#8221; transform_scale=&#8221;170%|170%&#8221; custom_padding=&#8221;||||false|false&#8221; global_colors_info=&#8221;{}&#8221; custom_padding__hover=&#8221;|||&#8221;][et_pb_text _builder_version=&#8221;4.27.4&#8243; _module_preset=&#8221;default&#8221; text_font=&#8221;Be Vietnam Pro|||on|||||&#8221; text_text_color=&#8221;#FFFFFF&#8221; text_font_size=&#8221;40px&#8221; header_text_color=&#8221;#ffffff&#8221; header_font_size=&#8221;25px&#8221; text_orientation=&#8221;center&#8221; width_tablet=&#8221;&#8221; width_phone=&#8221;50%&#8221; width_last_edited=&#8221;on|phone&#8221; module_alignment=&#8221;center&#8221; custom_margin=&#8221;12%||0px||false|false&#8221; header_font_size_tablet=&#8221;25px&#8221; header_font_size_phone=&#8221;20px&#8221; header_font_size_last_edited=&#8221;on|phone&#8221; text_text_shadow_style=&#8221;preset3&#8243; global_colors_info=&#8221;{}&#8221;]<\/p>\n<h1>Site Map<\/h1>\n<p>[\/et_pb_text][et_pb_icon font_icon=&#8221;&#x33;||divi||400&#8243; icon_color=&#8221;#ffffff&#8221; icon_width=&#8221;30px&#8221; _builder_version=&#8221;4.27.4&#8243; _module_preset=&#8221;default&#8221; global_colors_info=&#8221;{}&#8221;][\/et_pb_icon][\/et_pb_column][\/et_pb_row][\/et_pb_section][et_pb_section fb_built=&#8221;1&#8243; _builder_version=&#8221;4.27.4&#8243; _module_preset=&#8221;default&#8221; custom_padding=&#8221;0px|||||&#8221; locked=&#8221;off&#8221; global_colors_info=&#8221;{}&#8221;][et_pb_row admin_label=&#8221;row&#8221; _builder_version=&#8221;4.27.4&#8243; background_size=&#8221;initial&#8221; background_position=&#8221;top_left&#8221; background_repeat=&#8221;repeat&#8221; locked=&#8221;off&#8221; global_colors_info=&#8221;{}&#8221;][et_pb_column type=&#8221;4_4&#8243; module_class=&#8221;glass padding-medium&#8221; _builder_version=&#8221;4.27.4&#8243; custom_padding=&#8221;|||&#8221; global_colors_info=&#8221;{}&#8221; custom_padding__hover=&#8221;|||&#8221;][dsm_gradient_text gradient_text=&#8221;All the pages of our website in one place.&#8221; _builder_version=&#8221;4.27.4&#8243; _module_preset=&#8221;default&#8221; header_level=&#8221;h2&#8243; header_font=&#8221;Be Vietnam Pro|600|||||||&#8221; background_color_gradient_direction=&#8221;150deg&#8221; background_color_gradient_stops=&#8221;#0f800f 35%|#eccd0b 50%|#277bef 65%&#8221; text_orientation=&#8221;center&#8221; global_colors_info=&#8221;{}&#8221;][\/dsm_gradient_text][\/et_pb_column][\/et_pb_row][et_pb_row column_structure=&#8221;1_2,1_2&#8243; use_custom_gutter=&#8221;on&#8221; gutter_width=&#8221;1&#8243; make_equal=&#8221;on&#8221; _builder_version=&#8221;4.27.4&#8243; _module_preset=&#8221;default&#8221; width_tablet=&#8221;40%&#8221; width_phone=&#8221;40%&#8221; width_last_edited=&#8221;on|tablet&#8221; max_width_last_edited=&#8221;off|tablet&#8221; custom_margin=&#8221;||||false|false&#8221; locked=&#8221;off&#8221; global_colors_info=&#8221;{}&#8221;][et_pb_column type=&#8221;1_2&#8243; _builder_version=&#8221;4.27.4&#8243; _module_preset=&#8221;default&#8221; link_option_url=&#8221;#Bloc_01&#8243; global_colors_info=&#8221;{}&#8221;][dsm_icon_list _builder_version=&#8221;4.27.4&#8243; _module_preset=&#8221;default&#8221; background_enable_image=&#8221;off&#8221; hover_enabled=&#8221;0&#8243; global_colors_info=&#8221;{}&#8221; background__hover_enabled=&#8221;off|hover&#8221; background_image__hover=&#8221;https:\/\/atransfertobrazil.com\/wp-content\/uploads\/2025\/01\/atransfertobrazil-gradiant-01.jpg&#8221; background_enable_image__hover=&#8221;on&#8221; sticky_enabled=&#8221;0&#8243;][dsm_icon_list_child text=&#8221;Home&#8221; font_icon=&#8221;&#x55;||divi||400&#8243; icon_color=&#8221;#277bef&#8221; icon_padding=&#8221;15px&#8221; url=&#8221;@ET-DC@eyJkeW5hbWljIjp0cnVlLCJjb250ZW50IjoiaG9tZV91cmwiLCJzZXR0aW5ncyI6e319@&#8221; _builder_version=&#8221;4.27.4&#8243; _dynamic_attributes=&#8221;url&#8221; _module_preset=&#8221;default&#8221; text_font=&#8221;Be Vietnam Pro|600|||||||&#8221; text_text_color=&#8221;#277bef&#8221; background_enable_image=&#8221;off&#8221; custom_margin=&#8221;||||false|false&#8221; border_radii=&#8221;on|10px|10px|10px|10px&#8221; border_width_all=&#8221;1px&#8221; border_color_all=&#8221;RGBA(255,255,255,0)&#8221; global_colors_info=&#8221;{}&#8221; box_shadow_color__hover_enabled=&#8221;on|hover&#8221; box_shadow_color__hover=&#8221;rgba(0,0,0,0.3)&#8221; background__hover_enabled=&#8221;on|hover&#8221; text_text_color__hover_enabled=&#8221;off|hover&#8221; text_text_color__hover=&#8221;#0f800f&#8221; icon_color__hover_enabled=&#8221;off|hover&#8221; icon_color__hover=&#8221;#0f800f&#8221; background_image__hover=&#8221;&#8221; background_enable_image__hover=&#8221;off&#8221; border_color_all__hover_enabled=&#8221;on|hover&#8221; border_color_all__hover=&#8221;#277bef&#8221;][\/dsm_icon_list_child][dsm_icon_list_child text=&#8221;Standard Transfer&#8221; font_icon=&#8221;&#x55;||divi||400&#8243; icon_color=&#8221;#277bef&#8221; icon_padding=&#8221;15px&#8221; url=&#8221;@ET-DC@eyJkeW5hbWljIjp0cnVlLCJjb250ZW50IjoicG9zdF9saW5rX3VybF9wYWdlIiwic2V0dGluZ3MiOnsicG9zdF9pZCI6IjUxOSJ9fQ==@&#8221; _builder_version=&#8221;4.27.4&#8243; _dynamic_attributes=&#8221;url&#8221; _module_preset=&#8221;default&#8221; text_font=&#8221;Be Vietnam Pro|600|||||||&#8221; text_text_color=&#8221;#277bef&#8221; background_enable_image=&#8221;off&#8221; custom_margin=&#8221;||||false|false&#8221; border_radii=&#8221;on|10px|10px|10px|10px&#8221; border_width_all=&#8221;1px&#8221; border_color_all=&#8221;RGBA(255,255,255,0)&#8221; global_colors_info=&#8221;{}&#8221; box_shadow_color__hover=&#8221;rgba(0,0,0,0.3)&#8221; box_shadow_color__hover_enabled=&#8221;on|hover&#8221; background__hover_enabled=&#8221;on|hover&#8221; background_enable_image__hover=&#8221;off&#8221; text_text_color__hover=&#8221;#0f800f&#8221; text_text_color__hover_enabled=&#8221;off|desktop&#8221; icon_color__hover=&#8221;#0f800f&#8221; icon_color__hover_enabled=&#8221;off|desktop&#8221; border_color_all__hover=&#8221;#277bef&#8221; border_color_all__hover_enabled=&#8221;on|hover&#8221;][\/dsm_icon_list_child][dsm_icon_list_child text=&#8221;Premium Transfer&#8221; font_icon=&#8221;&#x55;||divi||400&#8243; icon_color=&#8221;#277bef&#8221; icon_padding=&#8221;15px&#8221; url=&#8221;@ET-DC@eyJkeW5hbWljIjp0cnVlLCJjb250ZW50IjoicG9zdF9saW5rX3VybF9wYWdlIiwic2V0dGluZ3MiOnsicG9zdF9pZCI6IjUyMiJ9fQ==@&#8221; _builder_version=&#8221;4.27.4&#8243; _dynamic_attributes=&#8221;url&#8221; _module_preset=&#8221;default&#8221; text_font=&#8221;Be Vietnam Pro|600|||||||&#8221; text_text_color=&#8221;#277bef&#8221; background_enable_image=&#8221;off&#8221; custom_margin=&#8221;||||false|false&#8221; border_radii=&#8221;on|10px|10px|10px|10px&#8221; border_width_all=&#8221;1px&#8221; border_color_all=&#8221;RGBA(255,255,255,0)&#8221; global_colors_info=&#8221;{}&#8221; box_shadow_color__hover=&#8221;rgba(0,0,0,0.3)&#8221; box_shadow_color__hover_enabled=&#8221;on|hover&#8221; background__hover_enabled=&#8221;on|hover&#8221; background_enable_image__hover=&#8221;off&#8221; text_text_color__hover=&#8221;#0f800f&#8221; text_text_color__hover_enabled=&#8221;off|desktop&#8221; icon_color__hover=&#8221;#0f800f&#8221; icon_color__hover_enabled=&#8221;off|desktop&#8221; border_color_all__hover=&#8221;#277bef&#8221; border_color_all__hover_enabled=&#8221;on|hover&#8221;][\/dsm_icon_list_child][dsm_icon_list_child text=&#8221;Book&#8221; font_icon=&#8221;&#x55;||divi||400&#8243; icon_color=&#8221;#277bef&#8221; icon_padding=&#8221;15px&#8221; url=&#8221;@ET-DC@eyJkeW5hbWljIjp0cnVlLCJjb250ZW50IjoicG9zdF9saW5rX3VybF9wYWdlIiwic2V0dGluZ3MiOnsicG9zdF9pZCI6IjExMSJ9fQ==@&#8221; _builder_version=&#8221;4.27.4&#8243; _dynamic_attributes=&#8221;url&#8221; _module_preset=&#8221;default&#8221; text_font=&#8221;Be Vietnam Pro|600|||||||&#8221; text_text_color=&#8221;#277bef&#8221; background_enable_image=&#8221;off&#8221; custom_margin=&#8221;||||false|false&#8221; border_radii=&#8221;on|10px|10px|10px|10px&#8221; border_width_all=&#8221;1px&#8221; border_color_all=&#8221;RGBA(255,255,255,0)&#8221; global_colors_info=&#8221;{}&#8221; box_shadow_color__hover=&#8221;rgba(0,0,0,0.3)&#8221; box_shadow_color__hover_enabled=&#8221;on|hover&#8221; background__hover_enabled=&#8221;on|hover&#8221; background_enable_image__hover=&#8221;off&#8221; text_text_color__hover=&#8221;#0f800f&#8221; text_text_color__hover_enabled=&#8221;off|desktop&#8221; icon_color__hover=&#8221;#0f800f&#8221; icon_color__hover_enabled=&#8221;off|desktop&#8221; border_color_all__hover=&#8221;#277bef&#8221; border_color_all__hover_enabled=&#8221;on|hover&#8221;][\/dsm_icon_list_child][dsm_icon_list_child text=&#8221;Blog&#8221; font_icon=&#8221;&#x55;||divi||400&#8243; icon_color=&#8221;#277bef&#8221; icon_padding=&#8221;15px&#8221; url=&#8221;@ET-DC@eyJkeW5hbWljIjp0cnVlLCJjb250ZW50IjoicG9zdF9saW5rX3VybF9wYWdlIiwic2V0dGluZ3MiOnsicG9zdF9pZCI6IjI1NzEifX0=@&#8221; _builder_version=&#8221;4.27.4&#8243; _dynamic_attributes=&#8221;url&#8221; _module_preset=&#8221;default&#8221; text_font=&#8221;Be Vietnam Pro|600|||||||&#8221; text_text_color=&#8221;#277bef&#8221; background_enable_image=&#8221;off&#8221; custom_margin=&#8221;||||false|false&#8221; hover_enabled=&#8221;0&#8243; border_radii=&#8221;on|10px|10px|10px|10px&#8221; border_width_all=&#8221;1px&#8221; border_color_all=&#8221;RGBA(255,255,255,0)&#8221; global_colors_info=&#8221;{}&#8221; box_shadow_color__hover=&#8221;rgba(0,0,0,0.3)&#8221; box_shadow_color__hover_enabled=&#8221;on|hover&#8221; background__hover_enabled=&#8221;on|hover&#8221; background_enable_image__hover=&#8221;off&#8221; text_text_color__hover=&#8221;#0f800f&#8221; text_text_color__hover_enabled=&#8221;off|desktop&#8221; icon_color__hover=&#8221;#0f800f&#8221; icon_color__hover_enabled=&#8221;off|desktop&#8221; border_color_all__hover=&#8221;#277bef&#8221; border_color_all__hover_enabled=&#8221;on|hover&#8221; sticky_enabled=&#8221;0&#8243;][\/dsm_icon_list_child][\/dsm_icon_list][\/et_pb_column][et_pb_column type=&#8221;1_2&#8243; _builder_version=&#8221;4.27.4&#8243; _module_preset=&#8221;default&#8221; link_option_url=&#8221;#Bloc_01&#8243; global_colors_info=&#8221;{}&#8221;][dsm_icon_list _builder_version=&#8221;4.27.4&#8243; _module_preset=&#8221;default&#8221; background_enable_image=&#8221;off&#8221; hover_enabled=&#8221;0&#8243; global_colors_info=&#8221;{}&#8221; background_image__hover=&#8221;https:\/\/atransfertobrazil.com\/wp-content\/uploads\/2025\/01\/atransfertobrazil-gradiant-01.jpg&#8221; background_enable_image__hover=&#8221;on&#8221; background__hover_enabled=&#8221;off|hover&#8221; sticky_enabled=&#8221;0&#8243;][dsm_icon_list_child text=&#8221;Contact&#8221; font_icon=&#8221;&#x55;||divi||400&#8243; icon_color=&#8221;#277bef&#8221; icon_padding=&#8221;15px&#8221; url=&#8221;@ET-DC@eyJkeW5hbWljIjp0cnVlLCJjb250ZW50IjoicG9zdF9saW5rX3VybF9wYWdlIiwic2V0dGluZ3MiOnsicG9zdF9pZCI6IjE5NzYifX0=@&#8221; _builder_version=&#8221;4.27.4&#8243; _dynamic_attributes=&#8221;url&#8221; _module_preset=&#8221;default&#8221; text_font=&#8221;Be Vietnam Pro|600|||||||&#8221; text_text_color=&#8221;#277bef&#8221; background_enable_image=&#8221;off&#8221; custom_margin=&#8221;||||false|false&#8221; hover_enabled=&#8221;0&#8243; border_radii=&#8221;on|10px|10px|10px|10px&#8221; border_width_all=&#8221;1px&#8221; border_color_all=&#8221;RGBA(255,255,255,0)&#8221; global_colors_info=&#8221;{}&#8221; box_shadow_color__hover_enabled=&#8221;on|hover&#8221; box_shadow_color__hover=&#8221;rgba(0,0,0,0.3)&#8221; background__hover_enabled=&#8221;on|hover&#8221; text_text_color__hover_enabled=&#8221;off|desktop&#8221; text_text_color__hover=&#8221;#0f800f&#8221; icon_color__hover_enabled=&#8221;off|desktop&#8221; icon_color__hover=&#8221;#0f800f&#8221; background_enable_image__hover=&#8221;off&#8221; border_color_all__hover=&#8221;#277bef&#8221; border_color_all__hover_enabled=&#8221;on|hover&#8221; sticky_enabled=&#8221;0&#8243;][\/dsm_icon_list_child][dsm_icon_list_child text=&#8221;Privacy Policy&#8221; font_icon=&#8221;&#x55;||divi||400&#8243; icon_color=&#8221;#277bef&#8221; icon_padding=&#8221;15px&#8221; url=&#8221;@ET-DC@eyJkeW5hbWljIjp0cnVlLCJjb250ZW50IjoicG9zdF9saW5rX3VybF9wYWdlIiwic2V0dGluZ3MiOnsicG9zdF9pZCI6IjYwNiJ9fQ==@&#8221; _builder_version=&#8221;4.27.4&#8243; _dynamic_attributes=&#8221;url&#8221; _module_preset=&#8221;default&#8221; text_font=&#8221;Be Vietnam Pro|600|||||||&#8221; text_text_color=&#8221;#277bef&#8221; background_enable_image=&#8221;off&#8221; custom_margin=&#8221;||||false|false&#8221; border_radii=&#8221;on|10px|10px|10px|10px&#8221; border_width_all=&#8221;1px&#8221; border_color_all=&#8221;RGBA(255,255,255,0)&#8221; global_colors_info=&#8221;{}&#8221; box_shadow_color__hover_enabled=&#8221;on|hover&#8221; box_shadow_color__hover=&#8221;rgba(0,0,0,0.3)&#8221; background__hover_enabled=&#8221;on|hover&#8221; text_text_color__hover_enabled=&#8221;off|desktop&#8221; text_text_color__hover=&#8221;#0f800f&#8221; icon_color__hover_enabled=&#8221;off|desktop&#8221; icon_color__hover=&#8221;#0f800f&#8221; background_enable_image__hover=&#8221;off&#8221; border_color_all__hover=&#8221;#277bef&#8221; border_color_all__hover_enabled=&#8221;on|hover&#8221;][\/dsm_icon_list_child][dsm_icon_list_child text=&#8221;Terms &#038; Conditions&#8221; font_icon=&#8221;&#x55;||divi||400&#8243; icon_color=&#8221;#277bef&#8221; icon_padding=&#8221;15px&#8221; url=&#8221;@ET-DC@eyJkeW5hbWljIjp0cnVlLCJjb250ZW50IjoicG9zdF9saW5rX3VybF9wYWdlIiwic2V0dGluZ3MiOnsicG9zdF9pZCI6IjYwMiJ9fQ==@&#8221; _builder_version=&#8221;4.27.4&#8243; _dynamic_attributes=&#8221;url&#8221; _module_preset=&#8221;default&#8221; text_font=&#8221;Be Vietnam Pro|600|||||||&#8221; text_text_color=&#8221;#277bef&#8221; background_enable_image=&#8221;off&#8221; custom_margin=&#8221;||||false|false&#8221; border_radii=&#8221;on|10px|10px|10px|10px&#8221; border_width_all=&#8221;1px&#8221; border_color_all=&#8221;RGBA(255,255,255,0)&#8221; global_colors_info=&#8221;{}&#8221; box_shadow_color__hover=&#8221;rgba(0,0,0,0.3)&#8221; box_shadow_color__hover_enabled=&#8221;on|hover&#8221; background__hover_enabled=&#8221;on|hover&#8221; background_enable_image__hover=&#8221;off&#8221; text_text_color__hover=&#8221;#0f800f&#8221; text_text_color__hover_enabled=&#8221;off|desktop&#8221; icon_color__hover=&#8221;#0f800f&#8221; icon_color__hover_enabled=&#8221;off|desktop&#8221; border_color_all__hover=&#8221;#277bef&#8221; border_color_all__hover_enabled=&#8221;on|hover&#8221;][\/dsm_icon_list_child][dsm_icon_list_child text=&#8221;Cookies&#8221; font_icon=&#8221;&#x55;||divi||400&#8243; icon_color=&#8221;#277bef&#8221; icon_padding=&#8221;15px&#8221; url=&#8221;@ET-DC@eyJkeW5hbWljIjp0cnVlLCJjb250ZW50IjoicG9zdF9saW5rX3VybF9wYWdlIiwic2V0dGluZ3MiOnsicG9zdF9pZCI6IjYwOCJ9fQ==@&#8221; _builder_version=&#8221;4.27.4&#8243; _dynamic_attributes=&#8221;url&#8221; _module_preset=&#8221;default&#8221; text_font=&#8221;Be Vietnam Pro|600|||||||&#8221; text_text_color=&#8221;#277bef&#8221; background_enable_image=&#8221;off&#8221; custom_margin=&#8221;||||false|false&#8221; border_radii=&#8221;on|10px|10px|10px|10px&#8221; border_width_all=&#8221;1px&#8221; border_color_all=&#8221;RGBA(255,255,255,0)&#8221; global_colors_info=&#8221;{}&#8221; box_shadow_color__hover=&#8221;rgba(0,0,0,0.3)&#8221; box_shadow_color__hover_enabled=&#8221;on|hover&#8221; background__hover_enabled=&#8221;on|hover&#8221; background_enable_image__hover=&#8221;off&#8221; text_text_color__hover=&#8221;#ffffff&#8221; text_text_color__hover_enabled=&#8221;off|desktop&#8221; icon_color__hover=&#8221;#ffffff&#8221; icon_color__hover_enabled=&#8221;off|desktop&#8221; border_color_all__hover=&#8221;#277bef&#8221; border_color_all__hover_enabled=&#8221;on|hover&#8221;][\/dsm_icon_list_child][dsm_icon_list_child text=&#8221;Site Map&#8221; font_icon=&#8221;&#x55;||divi||400&#8243; icon_color=&#8221;#277bef&#8221; icon_padding=&#8221;15px&#8221; url=&#8221;@ET-DC@eyJkeW5hbWljIjp0cnVlLCJjb250ZW50IjoicG9zdF9saW5rX3VybF9wYWdlIiwic2V0dGluZ3MiOnsicG9zdF9pZCI6IjYxMSJ9fQ==@&#8221; _builder_version=&#8221;4.27.4&#8243; _dynamic_attributes=&#8221;url&#8221; _module_preset=&#8221;default&#8221; text_font=&#8221;Be Vietnam Pro|600|||||||&#8221; text_text_color=&#8221;#277bef&#8221; background_enable_image=&#8221;off&#8221; custom_margin=&#8221;||||false|false&#8221; border_radii=&#8221;on|10px|10px|10px|10px&#8221; border_width_all=&#8221;1px&#8221; border_color_all=&#8221;RGBA(255,255,255,0)&#8221; global_colors_info=&#8221;{}&#8221; box_shadow_color__hover=&#8221;rgba(0,0,0,0.3)&#8221; box_shadow_color__hover_enabled=&#8221;on|hover&#8221; background__hover_enabled=&#8221;on|hover&#8221; background_enable_image__hover=&#8221;off&#8221; text_text_color__hover=&#8221;#0f800f&#8221; text_text_color__hover_enabled=&#8221;off|desktop&#8221; icon_color__hover=&#8221;#0f800f&#8221; icon_color__hover_enabled=&#8221;off|desktop&#8221; border_color_all__hover=&#8221;#277bef&#8221; border_color_all__hover_enabled=&#8221;on|hover&#8221;][\/dsm_icon_list_child][\/dsm_icon_list][\/et_pb_column][\/et_pb_row][\/et_pb_section]<\/p>\n","protected":false},"excerpt":{"rendered":"<p>Site Map<div class=\"et_pb_module dsm_gradient_text dsm_gradient_text_0  et_pb_text_align_center\">\n\t\t\t\t\n\t\t\t\t\n\t\t\t\t\n\t\t\t\t\n\t\t\t\t\n\t\t\t\t\n\t\t\t\t<div class=\"et_pb_module_inner\">\n\t\t\t\t\t<h2 class=\"dsm-gradient-text et_pb_module_header\">All the pages of our website in one place.<\/h2>\n\t\t\t\t<\/div>\n\t\t\t<\/div><div class=\"et_pb_module dsm_icon_list dsm_icon_list_0\">\n\t\t\t\t\n\t\t\t\t\n\t\t\t\t\n\t\t\t\t\n\t\t\t\t\n\t\t\t\t\n\t\t\t\t<div class=\"et_pb_module_inner\">\n\t\t\t\t\t<ul class=\"dsm_icon_list_items dsm_icon_list_ltr_direction dsm_icon_list_layout_vertical\"><li class=\"et_pb_with_border dsm_icon_list_child dsm_icon_list_child_0 et_pb_section_video_on_hover\">\n\t\t\t\t\n\t\t\t\t\n\t\t\t\t\n\t\t\t\t\n\t\t\t\t<span class=\"dsm_icon_list_wrapper\"><span class=\"dsm_icon_list_icon\">U<\/span><\/span><span class=\"dsm_icon_list_text\">Home<\/span>\n\t\t\t<\/li><li class=\"et_pb_with_border dsm_icon_list_child dsm_icon_list_child_1 et_pb_section_video_on_hover\">\n\t\t\t\t\n\t\t\t\t\n\t\t\t\t\n\t\t\t\t\n\t\t\t\t<span class=\"dsm_icon_list_wrapper\"><span class=\"dsm_icon_list_icon\">U<\/span><\/span><span class=\"dsm_icon_list_text\">Standard Transfer<\/span>\n\t\t\t<\/li><li class=\"et_pb_with_border dsm_icon_list_child dsm_icon_list_child_2 et_pb_section_video_on_hover\">\n\t\t\t\t\n\t\t\t\t\n\t\t\t\t\n\t\t\t\t\n\t\t\t\t<span class=\"dsm_icon_list_wrapper\"><span class=\"dsm_icon_list_icon\">U<\/span><\/span><span class=\"dsm_icon_list_text\">Premium Transfer<\/span>\n\t\t\t<\/li><li class=\"et_pb_with_border dsm_icon_list_child dsm_icon_list_child_3 et_pb_section_video_on_hover\">\n\t\t\t\t\n\t\t\t\t\n\t\t\t\t\n\t\t\t\t\n\t\t\t\t<span class=\"dsm_icon_list_wrapper\"><span class=\"dsm_icon_list_icon\">U<\/span><\/span><span class=\"dsm_icon_list_text\">Book<\/span>\n\t\t\t<\/li><li class=\"et_pb_with_border dsm_icon_list_child dsm_icon_list_child_4 et_pb_section_video_on_hover\">\n\t\t\t\t\n\t\t\t\t\n\t\t\t\t\n\t\t\t\t\n\t\t\t\t<span class=\"dsm_icon_list_wrapper\"><span class=\"dsm_icon_list_icon\">U<\/span><\/span><span class=\"dsm_icon_list_text\">Blog<\/span>\n\t\t\t<\/li><\/ul>\n\t\t\t\t<\/div>\n\t\t\t<\/div><div class=\"et_pb_module dsm_icon_list dsm_icon_list_1\">\n\t\t\t\t\n\t\t\t\t\n\t\t\t\t\n\t\t\t\t\n\t\t\t\t\n\t\t\t\t\n\t\t\t\t<div class=\"et_pb_module_inner\">\n\t\t\t\t\t<ul class=\"dsm_icon_list_items dsm_icon_list_ltr_direction dsm_icon_list_layout_vertical\"><\/ul>\n\t\t\t\t<\/div>\n\t\t\t<\/div><li class=\"dsm_icon_list_child dsm_icon_list_child_5\">\n\t\t\t\t\n\t\t\t\t\n\t\t\t\t\n\t\t\t\t\n\t\t\t\t<a href=\"http:\/\/&#8221;&#8221;\"><span class=\"dsm_icon_list_wrapper\"><span class=\"dsm_icon_list_icon\"><\/span><\/span><span class=\"dsm_icon_list_text\">&#8221;Contact&#8221;<\/span><\/a>\n\t\t\t<\/li><\/p>\n","protected":false},"author":1,"featured_media":0,"parent":0,"menu_order":0,"comment_status":"closed","ping_status":"closed","template":"","meta":{"_et_pb_use_builder":"on","_et_pb_old_content":"","_et_gb_content_width":"","footnotes":""},"class_list":["post-2010","page","type-page","status-publish","hentry"],"yoast_head":"<!-- This site is optimized with the Yoast SEO plugin v27.2 - https:\/\/yoast.com\/product\/yoast-seo-wordpress\/ -->\n<title>Site Map - atransfertobrazil.com<\/title>\n<meta name=\"robots\" content=\"index, follow, max-snippet:-1, max-image-preview:large, max-video-preview:-1\" \/>\n<link rel=\"canonical\" href=\"https:\/\/atransfertobrazil.com\/en\/site-map-en\/\" \/>\n<meta property=\"og:locale\" content=\"en_US\" \/>\n<meta property=\"og:type\" content=\"article\" \/>\n<meta property=\"og:title\" content=\"Site Map - atransfertobrazil.com\" \/>\n<meta property=\"og:description\" content=\"Site Map\" \/>\n<meta property=\"og:url\" content=\"https:\/\/atransfertobrazil.com\/en\/site-map-en\/\" \/>\n<meta property=\"og:site_name\" content=\"atransfertobrazil.com\" \/>\n<meta property=\"article:modified_time\" content=\"2025-06-04T00:27:21+00:00\" \/>\n<meta name=\"twitter:card\" content=\"summary_large_image\" \/>\n<meta name=\"twitter:label1\" content=\"Est. reading time\" \/>\n\t<meta name=\"twitter:data1\" content=\"9 minutes\" \/>\n<script type=\"application\/ld+json\" class=\"yoast-schema-graph\">{\"@context\":\"https:\/\/schema.org\",\"@graph\":[{\"@type\":\"WebPage\",\"@id\":\"https:\/\/atransfertobrazil.com\/en\/site-map-en\/\",\"url\":\"https:\/\/atransfertobrazil.com\/en\/site-map-en\/\",\"name\":\"Site Map - atransfertobrazil.com\",\"isPartOf\":{\"@id\":\"https:\/\/atransfertobrazil.com\/en\/#website\"},\"datePublished\":\"2025-01-23T05:14:47+00:00\",\"dateModified\":\"2025-06-04T00:27:21+00:00\",\"breadcrumb\":{\"@id\":\"https:\/\/atransfertobrazil.com\/en\/site-map-en\/#breadcrumb\"},\"inLanguage\":\"en-US\",\"potentialAction\":[{\"@type\":\"ReadAction\",\"target\":[\"https:\/\/atransfertobrazil.com\/en\/site-map-en\/\"]}]},{\"@type\":\"BreadcrumbList\",\"@id\":\"https:\/\/atransfertobrazil.com\/en\/site-map-en\/#breadcrumb\",\"itemListElement\":[{\"@type\":\"ListItem\",\"position\":1,\"name\":\"Home\",\"item\":\"https:\/\/atransfertobrazil.com\/en\/\"},{\"@type\":\"ListItem\",\"position\":2,\"name\":\"Site Map\"}]},{\"@type\":\"WebSite\",\"@id\":\"https:\/\/atransfertobrazil.com\/en\/#website\",\"url\":\"https:\/\/atransfertobrazil.com\/en\/\",\"name\":\"atransfertobrazil.com\",\"description\":\"A Transfer to Brazil : La simplicit\u00e9 de vos d\u00e9placements \u00e0 travers le Br\u00e9sil.\",\"potentialAction\":[{\"@type\":\"SearchAction\",\"target\":{\"@type\":\"EntryPoint\",\"urlTemplate\":\"https:\/\/atransfertobrazil.com\/en\/?s={search_term_string}\"},\"query-input\":{\"@type\":\"PropertyValueSpecification\",\"valueRequired\":true,\"valueName\":\"search_term_string\"}}],\"inLanguage\":\"en-US\"}]}<\/script>\n<!-- \/ Yoast SEO plugin. -->","yoast_head_json":{"title":"Site Map - atransfertobrazil.com","robots":{"index":"index","follow":"follow","max-snippet":"max-snippet:-1","max-image-preview":"max-image-preview:large","max-video-preview":"max-video-preview:-1"},"canonical":"https:\/\/atransfertobrazil.com\/en\/site-map-en\/","og_locale":"en_US","og_type":"article","og_title":"Site Map - atransfertobrazil.com","og_description":"Site Map","og_url":"https:\/\/atransfertobrazil.com\/en\/site-map-en\/","og_site_name":"atransfertobrazil.com","article_modified_time":"2025-06-04T00:27:21+00:00","twitter_card":"summary_large_image","twitter_misc":{"Est. reading time":"9 minutes"},"schema":{"@context":"https:\/\/schema.org","@graph":[{"@type":"WebPage","@id":"https:\/\/atransfertobrazil.com\/en\/site-map-en\/","url":"https:\/\/atransfertobrazil.com\/en\/site-map-en\/","name":"Site Map - atransfertobrazil.com","isPartOf":{"@id":"https:\/\/atransfertobrazil.com\/en\/#website"},"datePublished":"2025-01-23T05:14:47+00:00","dateModified":"2025-06-04T00:27:21+00:00","breadcrumb":{"@id":"https:\/\/atransfertobrazil.com\/en\/site-map-en\/#breadcrumb"},"inLanguage":"en-US","potentialAction":[{"@type":"ReadAction","target":["https:\/\/atransfertobrazil.com\/en\/site-map-en\/"]}]},{"@type":"BreadcrumbList","@id":"https:\/\/atransfertobrazil.com\/en\/site-map-en\/#breadcrumb","itemListElement":[{"@type":"ListItem","position":1,"name":"Home","item":"https:\/\/atransfertobrazil.com\/en\/"},{"@type":"ListItem","position":2,"name":"Site Map"}]},{"@type":"WebSite","@id":"https:\/\/atransfertobrazil.com\/en\/#website","url":"https:\/\/atransfertobrazil.com\/en\/","name":"atransfertobrazil.com","description":"A Transfer to Brazil : La simplicit\u00e9 de vos d\u00e9placements \u00e0 travers le Br\u00e9sil.","potentialAction":[{"@type":"SearchAction","target":{"@type":"EntryPoint","urlTemplate":"https:\/\/atransfertobrazil.com\/en\/?s={search_term_string}"},"query-input":{"@type":"PropertyValueSpecification","valueRequired":true,"valueName":"search_term_string"}}],"inLanguage":"en-US"}]}},"_links":{"self":[{"href":"https:\/\/atransfertobrazil.com\/en\/wp-json\/wp\/v2\/pages\/2010","targetHints":{"allow":["GET"]}}],"collection":[{"href":"https:\/\/atransfertobrazil.com\/en\/wp-json\/wp\/v2\/pages"}],"about":[{"href":"https:\/\/atransfertobrazil.com\/en\/wp-json\/wp\/v2\/types\/page"}],"author":[{"embeddable":true,"href":"https:\/\/atransfertobrazil.com\/en\/wp-json\/wp\/v2\/users\/1"}],"replies":[{"embeddable":true,"href":"https:\/\/atransfertobrazil.com\/en\/wp-json\/wp\/v2\/comments?post=2010"}],"version-history":[{"count":7,"href":"https:\/\/atransfertobrazil.com\/en\/wp-json\/wp\/v2\/pages\/2010\/revisions"}],"predecessor-version":[{"id":2663,"href":"https:\/\/atransfertobrazil.com\/en\/wp-json\/wp\/v2\/pages\/2010\/revisions\/2663"}],"wp:attachment":[{"href":"https:\/\/atransfertobrazil.com\/en\/wp-json\/wp\/v2\/media?parent=2010"}],"curies":[{"name":"wp","href":"https:\/\/api.w.org\/{rel}","templated":true}]}}