{"id":1995,"date":"2025-01-23T05:16:05","date_gmt":"2025-01-23T05:16:05","guid":{"rendered":"https:\/\/atransfertobrazil.com\/privacy-policy\/"},"modified":"2025-04-09T22:07:05","modified_gmt":"2025-04-09T22:07:05","slug":"privacy-policy-en","status":"publish","type":"page","link":"https:\/\/atransfertobrazil.com\/en\/privacy-policy-en\/","title":{"rendered":"Privacy Policy"},"content":{"rendered":"<p>[et_pb_section fb_built=&#8221;1&#8243; _builder_version=&#8221;4.27.4&#8243; _module_preset=&#8221;default&#8221; custom_padding=&#8221;0px|||||&#8221; locked=&#8221;off&#8221; global_colors_info=&#8221;{}&#8221;][et_pb_row admin_label=&#8221;row&#8221; _builder_version=&#8221;4.27.4&#8243; use_background_color_gradient=&#8221;on&#8221; background_color_gradient_stops=&#8221;#eccd0b 0%|rgba(41,196,169,0) 100%&#8221; background_color_gradient_overlays_image=&#8221;on&#8221; background_image=&#8221;https:\/\/atransfertobrazil.com\/wp-content\/uploads\/2025\/02\/atransfertobrazil-legal-hero-cab-taxi-transfer-rio-de-janeiro-img01.jpg&#8221; parallax=&#8221;on&#8221; height=&#8221;400px&#8221; border_radii=&#8221;off|||20px|20px&#8221; locked=&#8221;off&#8221; global_colors_info=&#8221;{}&#8221;][et_pb_column type=&#8221;4_4&#8243; module_class=&#8221;glass padding-medium&#8221; _builder_version=&#8221;4.27.4&#8243; background_enable_image=&#8221;off&#8221; transform_scale=&#8221;170%|170%&#8221; custom_padding=&#8221;||||false|false&#8221; global_colors_info=&#8221;{}&#8221; custom_padding__hover=&#8221;|||&#8221;][et_pb_text _builder_version=&#8221;4.27.4&#8243; _module_preset=&#8221;default&#8221; text_font=&#8221;Be Vietnam Pro|||on|||||&#8221; text_text_color=&#8221;#FFFFFF&#8221; text_font_size=&#8221;40px&#8221; header_text_color=&#8221;#ffffff&#8221; header_font_size=&#8221;25px&#8221; text_orientation=&#8221;center&#8221; width_tablet=&#8221;&#8221; width_phone=&#8221;58%&#8221; width_last_edited=&#8221;on|phone&#8221; module_alignment=&#8221;center&#8221; custom_margin=&#8221;12%||0px||false|false&#8221; header_font_size_tablet=&#8221;25px&#8221; header_font_size_phone=&#8221;20px&#8221; header_font_size_last_edited=&#8221;on|phone&#8221; text_text_shadow_style=&#8221;preset3&#8243; global_colors_info=&#8221;{}&#8221;]<\/p>\n<h1>Privacy Policy<\/h1>\n<p>[\/et_pb_text][et_pb_icon font_icon=&#8221;&#x33;||divi||400&#8243; icon_color=&#8221;#ffffff&#8221; icon_width=&#8221;30px&#8221; _builder_version=&#8221;4.27.4&#8243; _module_preset=&#8221;default&#8221; global_colors_info=&#8221;{}&#8221;][\/et_pb_icon][\/et_pb_column][\/et_pb_row][\/et_pb_section][et_pb_section fb_built=&#8221;1&#8243; _builder_version=&#8221;4.27.4&#8243; _module_preset=&#8221;default&#8221; custom_padding=&#8221;0px|||||&#8221; locked=&#8221;off&#8221; global_colors_info=&#8221;{}&#8221;][et_pb_row admin_label=&#8221;row&#8221; _builder_version=&#8221;4.27.4&#8243; background_size=&#8221;initial&#8221; background_position=&#8221;top_left&#8221; background_repeat=&#8221;repeat&#8221; locked=&#8221;off&#8221; global_colors_info=&#8221;{}&#8221;][et_pb_column type=&#8221;4_4&#8243; module_class=&#8221;glass padding-medium&#8221; _builder_version=&#8221;4.27.4&#8243; custom_padding=&#8221;|||&#8221; global_colors_info=&#8221;{}&#8221; custom_padding__hover=&#8221;|||&#8221;][dsm_gradient_text gradient_text=&#8221;Legal Notice&#8221; _builder_version=&#8221;4.27.4&#8243; _module_preset=&#8221;default&#8221; header_level=&#8221;h2&#8243; header_font=&#8221;Be Vietnam Pro|600|||||||&#8221; background_color_gradient_direction=&#8221;150deg&#8221; background_color_gradient_stops=&#8221;#0f800f 0%|#eccd0b 15%|#277bef 30%&#8221; text_orientation=&#8221;left&#8221; global_colors_info=&#8221;{}&#8221;][\/dsm_gradient_text][\/et_pb_column][\/et_pb_row][et_pb_row use_custom_gutter=&#8221;on&#8221; make_equal=&#8221;on&#8221; _builder_version=&#8221;4.27.4&#8243; _module_preset=&#8221;default&#8221; locked=&#8221;off&#8221; global_colors_info=&#8221;{}&#8221;][et_pb_column type=&#8221;4_4&#8243; _builder_version=&#8221;4.27.4&#8243; _module_preset=&#8221;default&#8221; link_option_url=&#8221;#Bloc_01&#8243; global_colors_info=&#8221;{}&#8221;][et_pb_text _builder_version=&#8221;4.27.4&#8243; _module_preset=&#8221;default&#8221; global_colors_info=&#8221;{}&#8221;]<\/p>\n<p><strong>Effective as of 02\/24\/2025<\/strong><\/p>\n<p>In accordance with the provisions of Law No. 2004-575 of June 21, 2004 on Confidence in the Digital Economy, the following legal notices are brought to the attention of users and visitors, hereinafter referred to as the &#8220;User&#8221;, of the website <a href=\"http:\/\/www.atransfertobrazil.com\">www.atransfertobrazil.com<\/a>, hereinafter referred to as the &#8220;Site&#8221;.<br \/>By accessing and browsing the Site, the User fully and unreservedly accepts these legal notices.<\/p>\n<p>These notices are available on the Site under the &#8220;<a href=\"https:\/\/atransfertobrazil.com\/en\/privacy-policy\/\">Privacy Policy<\/a>&#8221; section.<\/p>\n<p>[\/et_pb_text][\/et_pb_column][\/et_pb_row][et_pb_row admin_label=&#8221;row&#8221; _builder_version=&#8221;4.27.4&#8243; background_size=&#8221;initial&#8221; background_position=&#8221;top_left&#8221; background_repeat=&#8221;repeat&#8221; locked=&#8221;off&#8221; global_colors_info=&#8221;{}&#8221;][et_pb_column type=&#8221;4_4&#8243; module_class=&#8221;glass padding-medium&#8221; _builder_version=&#8221;4.27.4&#8243; custom_padding=&#8221;|||&#8221; global_colors_info=&#8221;{}&#8221; custom_padding__hover=&#8221;|||&#8221;][dsm_gradient_text gradient_text=&#8221;Site Editing&#8221; _builder_version=&#8221;4.27.4&#8243; _module_preset=&#8221;default&#8221; header_level=&#8221;h2&#8243; header_font=&#8221;Be Vietnam Pro|600|||||||&#8221; background_color_gradient_direction=&#8221;150deg&#8221; background_color_gradient_stops=&#8221;#0f800f 0%|#eccd0b 15%|#277bef 30%&#8221; text_orientation=&#8221;left&#8221; global_colors_info=&#8221;{}&#8221;][\/dsm_gradient_text][\/et_pb_column][\/et_pb_row][et_pb_row use_custom_gutter=&#8221;on&#8221; make_equal=&#8221;on&#8221; _builder_version=&#8221;4.27.4&#8243; _module_preset=&#8221;default&#8221; locked=&#8221;off&#8221; global_colors_info=&#8221;{}&#8221;][et_pb_column type=&#8221;4_4&#8243; _builder_version=&#8221;4.27.4&#8243; _module_preset=&#8221;default&#8221; link_option_url=&#8221;#Bloc_01&#8243; global_colors_info=&#8221;{}&#8221;][et_pb_text _builder_version=&#8221;4.27.4&#8243; _module_preset=&#8221;default&#8221; hover_enabled=&#8221;0&#8243; global_colors_info=&#8221;{}&#8221; sticky_enabled=&#8221;0&#8243;]<\/p>\n<p>The Site is published by the company <strong>A Transfer To Brazil<\/strong>, MEI with a capital of \u20ac100,000, registered with the Trade and Companies Register of RIO DE JANEIRO, with its head office located at:<br \/>04 Rua Jaguapit\u00e3, CEP 23060-210 \u2013 Rio de Janeiro, RJ \u2013 Brazil.<\/p>\n<p> <strong>&gt; Contact :<\/strong> <a href=\"https:\/\/atransfertobrazil.com\/en\/contact-en\/\">Link to contact form<br \/><\/a><strong>&gt; CNPJ registration number :<\/strong> 14 317 273\/0001-79<br \/><strong>&gt; Publication Director :<\/strong> Aur\u00e9lien Damien N\u00e8gre.<\/p>\n<p>[\/et_pb_text][\/et_pb_column][\/et_pb_row][et_pb_row use_custom_gutter=&#8221;on&#8221; make_equal=&#8221;on&#8221; _builder_version=&#8221;4.27.4&#8243; _module_preset=&#8221;default&#8221; locked=&#8221;off&#8221; global_colors_info=&#8221;{}&#8221;][et_pb_column type=&#8221;4_4&#8243; _builder_version=&#8221;4.27.4&#8243; _module_preset=&#8221;default&#8221; link_option_url=&#8221;#Bloc_01&#8243; global_colors_info=&#8221;{}&#8221;][dsm_gradient_text gradient_text=&#8221;Host&#8221; _builder_version=&#8221;4.27.4&#8243; _module_preset=&#8221;default&#8221; header_level=&#8221;h2&#8243; header_font=&#8221;Be Vietnam Pro|600|||||||&#8221; background_color_gradient_direction=&#8221;150deg&#8221; background_color_gradient_stops=&#8221;#0f800f 0%|#eccd0b 15%|#277bef 30%&#8221; text_orientation=&#8221;left&#8221; global_colors_info=&#8221;{}&#8221;][\/dsm_gradient_text][et_pb_text _builder_version=&#8221;4.27.4&#8243; _module_preset=&#8221;default&#8221; global_colors_info=&#8221;{}&#8221;]<\/p>\n<p>The website is hosted by <strong>HOSTINGER<\/strong>, whose registered office is located at UAB Jonavos g. 60 c 44192 VILNIUS .<\/p>\n<p>[\/et_pb_text][\/et_pb_column][\/et_pb_row][et_pb_row use_custom_gutter=&#8221;on&#8221; make_equal=&#8221;on&#8221; _builder_version=&#8221;4.27.4&#8243; _module_preset=&#8221;default&#8221; locked=&#8221;off&#8221; global_colors_info=&#8221;{}&#8221;][et_pb_column type=&#8221;4_4&#8243; _builder_version=&#8221;4.27.4&#8243; _module_preset=&#8221;default&#8221; link_option_url=&#8221;#Bloc_01&#8243; global_colors_info=&#8221;{}&#8221;][dsm_gradient_text gradient_text=&#8221;Access to the site&#8221; _builder_version=&#8221;4.27.4&#8243; _module_preset=&#8221;default&#8221; header_level=&#8221;h2&#8243; header_font=&#8221;Be Vietnam Pro|600|||||||&#8221; background_color_gradient_direction=&#8221;150deg&#8221; background_color_gradient_stops=&#8221;#0f800f 0%|#eccd0b 15%|#277bef 30%&#8221; text_orientation=&#8221;left&#8221; global_colors_info=&#8221;{}&#8221;][\/dsm_gradient_text][et_pb_text _builder_version=&#8221;4.27.4&#8243; _module_preset=&#8221;default&#8221; global_colors_info=&#8221;{}&#8221;]<\/p>\n<p>The site is normally accessible at all times to the user. However, the Publisher may, at any time, suspend, limit, or interrupt the Site in order to carry out, in particular, updates or modifications of its content. The Publisher shall not be held responsible for any potential consequences of this unavailability on the User&#8217;s activities.<\/p>\n<p>[\/et_pb_text][\/et_pb_column][\/et_pb_row][et_pb_row use_custom_gutter=&#8221;on&#8221; make_equal=&#8221;on&#8221; _builder_version=&#8221;4.27.4&#8243; _module_preset=&#8221;default&#8221; locked=&#8221;off&#8221; global_colors_info=&#8221;{}&#8221;][et_pb_column type=&#8221;4_4&#8243; _builder_version=&#8221;4.27.4&#8243; _module_preset=&#8221;default&#8221; link_option_url=&#8221;#Bloc_01&#8243; global_colors_info=&#8221;{}&#8221;][dsm_gradient_text gradient_text=&#8221;Data Collection&#8221; _builder_version=&#8221;4.27.4&#8243; _module_preset=&#8221;default&#8221; header_level=&#8221;h2&#8243; header_font=&#8221;Be Vietnam Pro|600|||||||&#8221; background_color_gradient_direction=&#8221;150deg&#8221; background_color_gradient_stops=&#8221;#0f800f 0%|#eccd0b 15%|#277bef 30%&#8221; text_orientation=&#8221;left&#8221; global_colors_info=&#8221;{}&#8221;][\/dsm_gradient_text][et_pb_text _builder_version=&#8221;4.27.4&#8243; _module_preset=&#8221;default&#8221; global_colors_info=&#8221;{}&#8221;]<\/p>\n<p>The Site ensures to the User that the collection and processing of personal data is carried out in compliance with privacy laws, in accordance with Law No. 78-17 of January 6, 1978, related to computing, files, and freedoms, and in accordance with the applicable regulations on the processing of personal data, as per Regulation (EU) 2016\/679 of the European Parliament and Council of April 27, 2016 (hereinafter, collectively referred to as the &#8220;Applicable Data Protection Regulation&#8221;). Under the Applicable Data Protection Regulation, the User has the right to access, correct, delete, and object to the processing of their personal data. The User can exercise this right through the contact form: <a href=\"https:\/\/atransfertobrazil.com\/en\/contact-en\/\">Link to the contact form<\/a>;<\/p>\n<p>Any use, reproduction, distribution, commercialization, or modification of all or part of the Site, without the express authorization of the Publisher, is prohibited and may lead to legal actions and proceedings as provided by applicable regulations.<\/p>\n<p>For more information, refer to the T&amp;Cs of the site www.atransfertobrazil.com, available in the &#8216;<a href=\"https:\/\/atransfertobrazil.com\/en\/terms-conditions-en\/\">T&amp;Cs<\/a>&#8216; (<a href=\"https:\/\/atransfertobrazil.com\/en\/terms-conditions-en\/\">Terms and Conditions of Sale<\/a>) section. For more information regarding cookies, refer to the Cookie Policy of the site <a href=\"https:\/\/atransfertobrazil.com\/en\/\">www.atransfertobrazil.com<\/a>, available in the &#8216;<a href=\"https:\/\/atransfertobrazil.com\/en\/cookies-en\/\">Cookies<\/a>&#8216; section.<\/p>\n<p>[\/et_pb_text][\/et_pb_column][\/et_pb_row][\/et_pb_section]<\/p>\n","protected":false},"excerpt":{"rendered":"<p>Privacy Policy<div class=\"et_pb_module dsm_gradient_text dsm_gradient_text_0  et_pb_text_align_left\">\n\t\t\t\t\n\t\t\t\t\n\t\t\t\t\n\t\t\t\t\n\t\t\t\t\n\t\t\t\t\n\t\t\t\t<div class=\"et_pb_module_inner\">\n\t\t\t\t\t<h2 class=\"dsm-gradient-text et_pb_module_header\">Legal Notice<\/h2>\n\t\t\t\t<\/div>\n\t\t\t<\/div>Effective as of 02\/24\/2025 In accordance with the provisions of Law No. 2004-575 of June 21, 2004 on Confidence in the Digital Economy, the following legal notices are brought to the attention of users and visitors, hereinafter referred to as the &#8220;User&#8221;, of the website www.atransfertobrazil.com, hereinafter referred to as the &#8220;Site&#8221;.By accessing and browsing the Site, the User fully and unreservedly accepts these legal notices. These notices are available on the Site under the &#8220;Privacy Policy&#8221; section.<div class=\"et_pb_module dsm_gradient_text dsm_gradient_text_1  et_pb_text_align_left\">\n\t\t\t\t\n\t\t\t\t\n\t\t\t\t\n\t\t\t\t\n\t\t\t\t\n\t\t\t\t\n\t\t\t\t<div class=\"et_pb_module_inner\">\n\t\t\t\t\t<h2 class=\"dsm-gradient-text et_pb_module_header\">Site Editing<\/h2>\n\t\t\t\t<\/div>\n\t\t\t<\/div>The Site is published by the company A Transfer To Brazil, MEI with a capital of \u20ac100,000, registered with the Trade and Companies Register of RIO DE JANEIRO, with its head office located at:04 Rua Jaguapit\u00e3, CEP 23060-210 \u2013 Rio de Janeiro, RJ \u2013 Brazil. &gt; Contact : Link to contact form&gt; CNPJ registration number : 14 317 273\/0001-79&gt; Publication Director : Aur\u00e9lien Damien N\u00e8gre.<div class=\"et_pb_module dsm_gradient_text dsm_gradient_text_2  et_pb_text_align_left\">\n\t\t\t\t\n\t\t\t\t\n\t\t\t\t\n\t\t\t\t\n\t\t\t\t\n\t\t\t\t\n\t\t\t\t<div class=\"et_pb_module_inner\">\n\t\t\t\t\t<h2 class=\"dsm-gradient-text et_pb_module_header\">Host<\/h2>\n\t\t\t\t<\/div>\n\t\t\t<\/div>The website is hosted by HOSTINGER, whose registered office is located at UAB Jonavos [&hellip;]<\/p>\n","protected":false},"author":1,"featured_media":0,"parent":0,"menu_order":0,"comment_status":"closed","ping_status":"closed","template":"","meta":{"_et_pb_use_builder":"on","_et_pb_old_content":"","_et_gb_content_width":"","footnotes":""},"class_list":["post-1995","page","type-page","status-publish","hentry"],"yoast_head":"<!-- This site is optimized with the Yoast SEO plugin v27.2 - https:\/\/yoast.com\/product\/yoast-seo-wordpress\/ -->\n<title>Privacy Policy - atransfertobrazil.com<\/title>\n<meta name=\"robots\" content=\"index, follow, max-snippet:-1, max-image-preview:large, max-video-preview:-1\" \/>\n<link rel=\"canonical\" href=\"https:\/\/atransfertobrazil.com\/en\/privacy-policy-en\/\" \/>\n<meta property=\"og:locale\" content=\"en_US\" \/>\n<meta property=\"og:type\" content=\"article\" \/>\n<meta property=\"og:title\" content=\"Privacy Policy - atransfertobrazil.com\" \/>\n<meta property=\"og:description\" content=\"Privacy PolicyEffective as of 02\/24\/2025 In accordance with the provisions of Law No. 2004-575 of June 21, 2004 on Confidence in the Digital Economy, the following legal notices are brought to the attention of users and visitors, hereinafter referred to as the &quot;User&quot;, of the website www.atransfertobrazil.com, hereinafter referred to as the &quot;Site&quot;.By accessing and browsing the Site, the User fully and unreservedly accepts these legal notices. These notices are available on the Site under the &quot;Privacy Policy&quot; section.The Site is published by the company A Transfer To Brazil, MEI with a capital of \u20ac100,000, registered with the Trade and Companies Register of RIO DE JANEIRO, with its head office located at:04 Rua Jaguapit\u00e3, CEP 23060-210 \u2013 Rio de Janeiro, RJ \u2013 Brazil. &gt; Contact : Link to contact form&gt; CNPJ registration number : 14 317 273\/0001-79&gt; Publication Director : Aur\u00e9lien Damien N\u00e8gre.The website is hosted by HOSTINGER, whose registered office is located at UAB Jonavos [&hellip;]\" \/>\n<meta property=\"og:url\" content=\"https:\/\/atransfertobrazil.com\/en\/privacy-policy-en\/\" \/>\n<meta property=\"og:site_name\" content=\"atransfertobrazil.com\" \/>\n<meta property=\"article:modified_time\" content=\"2025-04-09T22:07:05+00:00\" \/>\n<meta name=\"twitter:card\" content=\"summary_large_image\" \/>\n<meta name=\"twitter:label1\" content=\"Est. reading time\" \/>\n\t<meta name=\"twitter:data1\" content=\"6 minutes\" \/>\n<script type=\"application\/ld+json\" class=\"yoast-schema-graph\">{\"@context\":\"https:\/\/schema.org\",\"@graph\":[{\"@type\":\"WebPage\",\"@id\":\"https:\/\/atransfertobrazil.com\/en\/privacy-policy-en\/\",\"url\":\"https:\/\/atransfertobrazil.com\/en\/privacy-policy-en\/\",\"name\":\"Privacy Policy - atransfertobrazil.com\",\"isPartOf\":{\"@id\":\"https:\/\/atransfertobrazil.com\/en\/#website\"},\"datePublished\":\"2025-01-23T05:16:05+00:00\",\"dateModified\":\"2025-04-09T22:07:05+00:00\",\"breadcrumb\":{\"@id\":\"https:\/\/atransfertobrazil.com\/en\/privacy-policy-en\/#breadcrumb\"},\"inLanguage\":\"en-US\",\"potentialAction\":[{\"@type\":\"ReadAction\",\"target\":[\"https:\/\/atransfertobrazil.com\/en\/privacy-policy-en\/\"]}]},{\"@type\":\"BreadcrumbList\",\"@id\":\"https:\/\/atransfertobrazil.com\/en\/privacy-policy-en\/#breadcrumb\",\"itemListElement\":[{\"@type\":\"ListItem\",\"position\":1,\"name\":\"Home\",\"item\":\"https:\/\/atransfertobrazil.com\/en\/\"},{\"@type\":\"ListItem\",\"position\":2,\"name\":\"Privacy Policy\"}]},{\"@type\":\"WebSite\",\"@id\":\"https:\/\/atransfertobrazil.com\/en\/#website\",\"url\":\"https:\/\/atransfertobrazil.com\/en\/\",\"name\":\"atransfertobrazil.com\",\"description\":\"A Transfer to Brazil : La simplicit\u00e9 de vos d\u00e9placements \u00e0 travers le Br\u00e9sil.\",\"potentialAction\":[{\"@type\":\"SearchAction\",\"target\":{\"@type\":\"EntryPoint\",\"urlTemplate\":\"https:\/\/atransfertobrazil.com\/en\/?s={search_term_string}\"},\"query-input\":{\"@type\":\"PropertyValueSpecification\",\"valueRequired\":true,\"valueName\":\"search_term_string\"}}],\"inLanguage\":\"en-US\"}]}<\/script>\n<!-- \/ Yoast SEO plugin. -->","yoast_head_json":{"title":"Privacy Policy - atransfertobrazil.com","robots":{"index":"index","follow":"follow","max-snippet":"max-snippet:-1","max-image-preview":"max-image-preview:large","max-video-preview":"max-video-preview:-1"},"canonical":"https:\/\/atransfertobrazil.com\/en\/privacy-policy-en\/","og_locale":"en_US","og_type":"article","og_title":"Privacy Policy - atransfertobrazil.com","og_description":"Privacy PolicyEffective as of 02\/24\/2025 In accordance with the provisions of Law No. 2004-575 of June 21, 2004 on Confidence in the Digital Economy, the following legal notices are brought to the attention of users and visitors, hereinafter referred to as the \"User\", of the website www.atransfertobrazil.com, hereinafter referred to as the \"Site\".By accessing and browsing the Site, the User fully and unreservedly accepts these legal notices. These notices are available on the Site under the \"Privacy Policy\" section.The Site is published by the company A Transfer To Brazil, MEI with a capital of \u20ac100,000, registered with the Trade and Companies Register of RIO DE JANEIRO, with its head office located at:04 Rua Jaguapit\u00e3, CEP 23060-210 \u2013 Rio de Janeiro, RJ \u2013 Brazil. &gt; Contact : Link to contact form&gt; CNPJ registration number : 14 317 273\/0001-79&gt; Publication Director : Aur\u00e9lien Damien N\u00e8gre.The website is hosted by HOSTINGER, whose registered office is located at UAB Jonavos [&hellip;]","og_url":"https:\/\/atransfertobrazil.com\/en\/privacy-policy-en\/","og_site_name":"atransfertobrazil.com","article_modified_time":"2025-04-09T22:07:05+00:00","twitter_card":"summary_large_image","twitter_misc":{"Est. reading time":"6 minutes"},"schema":{"@context":"https:\/\/schema.org","@graph":[{"@type":"WebPage","@id":"https:\/\/atransfertobrazil.com\/en\/privacy-policy-en\/","url":"https:\/\/atransfertobrazil.com\/en\/privacy-policy-en\/","name":"Privacy Policy - atransfertobrazil.com","isPartOf":{"@id":"https:\/\/atransfertobrazil.com\/en\/#website"},"datePublished":"2025-01-23T05:16:05+00:00","dateModified":"2025-04-09T22:07:05+00:00","breadcrumb":{"@id":"https:\/\/atransfertobrazil.com\/en\/privacy-policy-en\/#breadcrumb"},"inLanguage":"en-US","potentialAction":[{"@type":"ReadAction","target":["https:\/\/atransfertobrazil.com\/en\/privacy-policy-en\/"]}]},{"@type":"BreadcrumbList","@id":"https:\/\/atransfertobrazil.com\/en\/privacy-policy-en\/#breadcrumb","itemListElement":[{"@type":"ListItem","position":1,"name":"Home","item":"https:\/\/atransfertobrazil.com\/en\/"},{"@type":"ListItem","position":2,"name":"Privacy Policy"}]},{"@type":"WebSite","@id":"https:\/\/atransfertobrazil.com\/en\/#website","url":"https:\/\/atransfertobrazil.com\/en\/","name":"atransfertobrazil.com","description":"A Transfer to Brazil : La simplicit\u00e9 de vos d\u00e9placements \u00e0 travers le Br\u00e9sil.","potentialAction":[{"@type":"SearchAction","target":{"@type":"EntryPoint","urlTemplate":"https:\/\/atransfertobrazil.com\/en\/?s={search_term_string}"},"query-input":{"@type":"PropertyValueSpecification","valueRequired":true,"valueName":"search_term_string"}}],"inLanguage":"en-US"}]}},"_links":{"self":[{"href":"https:\/\/atransfertobrazil.com\/en\/wp-json\/wp\/v2\/pages\/1995","targetHints":{"allow":["GET"]}}],"collection":[{"href":"https:\/\/atransfertobrazil.com\/en\/wp-json\/wp\/v2\/pages"}],"about":[{"href":"https:\/\/atransfertobrazil.com\/en\/wp-json\/wp\/v2\/types\/page"}],"author":[{"embeddable":true,"href":"https:\/\/atransfertobrazil.com\/en\/wp-json\/wp\/v2\/users\/1"}],"replies":[{"embeddable":true,"href":"https:\/\/atransfertobrazil.com\/en\/wp-json\/wp\/v2\/comments?post=1995"}],"version-history":[{"count":16,"href":"https:\/\/atransfertobrazil.com\/en\/wp-json\/wp\/v2\/pages\/1995\/revisions"}],"predecessor-version":[{"id":2133,"href":"https:\/\/atransfertobrazil.com\/en\/wp-json\/wp\/v2\/pages\/1995\/revisions\/2133"}],"wp:attachment":[{"href":"https:\/\/atransfertobrazil.com\/en\/wp-json\/wp\/v2\/media?parent=1995"}],"curies":[{"name":"wp","href":"https:\/\/api.w.org\/{rel}","templated":true}]}}