{"id":1985,"date":"2025-01-23T05:14:04","date_gmt":"2025-01-23T05:14:04","guid":{"rendered":"https:\/\/atransfertobrazil.com\/cookies\/"},"modified":"2025-04-09T22:01:46","modified_gmt":"2025-04-09T22:01:46","slug":"cookies-en","status":"publish","type":"page","link":"https:\/\/atransfertobrazil.com\/en\/cookies-en\/","title":{"rendered":"Cookies"},"content":{"rendered":"<p>[et_pb_section fb_built=&#8221;1&#8243; _builder_version=&#8221;4.27.4&#8243; _module_preset=&#8221;default&#8221; custom_padding=&#8221;0px|||||&#8221; locked=&#8221;off&#8221; global_colors_info=&#8221;{}&#8221;][et_pb_row admin_label=&#8221;row&#8221; _builder_version=&#8221;4.27.4&#8243; use_background_color_gradient=&#8221;on&#8221; background_color_gradient_stops=&#8221;#eccd0b 0%|rgba(41,196,169,0) 100%&#8221; background_color_gradient_overlays_image=&#8221;on&#8221; background_image=&#8221;https:\/\/atransfertobrazil.com\/wp-content\/uploads\/2025\/02\/atransfertobrazil-legal-hero-cab-taxi-transfer-rio-de-janeiro-img03.jpg&#8221; parallax=&#8221;on&#8221; height=&#8221;400px&#8221; border_radii=&#8221;off|||20px|20px&#8221; locked=&#8221;off&#8221; global_colors_info=&#8221;{}&#8221;][et_pb_column type=&#8221;4_4&#8243; module_class=&#8221;glass padding-medium&#8221; _builder_version=&#8221;4.27.4&#8243; background_enable_image=&#8221;off&#8221; transform_scale=&#8221;170%|170%&#8221; custom_padding=&#8221;||||false|false&#8221; global_colors_info=&#8221;{}&#8221; custom_padding__hover=&#8221;|||&#8221;][et_pb_text _builder_version=&#8221;4.27.4&#8243; _module_preset=&#8221;default&#8221; text_font=&#8221;Be Vietnam Pro|||on|||||&#8221; text_text_color=&#8221;#FFFFFF&#8221; text_font_size=&#8221;40px&#8221; header_text_color=&#8221;#ffffff&#8221; header_font_size=&#8221;25px&#8221; text_orientation=&#8221;center&#8221; width_tablet=&#8221;&#8221; width_phone=&#8221;50%&#8221; width_last_edited=&#8221;on|phone&#8221; module_alignment=&#8221;center&#8221; custom_margin=&#8221;12%||0px||false|false&#8221; header_font_size_tablet=&#8221;25px&#8221; header_font_size_phone=&#8221;20px&#8221; header_font_size_last_edited=&#8221;on|phone&#8221; text_text_shadow_style=&#8221;preset3&#8243; global_colors_info=&#8221;{}&#8221;]<\/p>\n<h1>Cookies<\/h1>\n<p>[\/et_pb_text][et_pb_icon font_icon=&#8221;&#x33;||divi||400&#8243; icon_color=&#8221;#ffffff&#8221; icon_width=&#8221;30px&#8221; _builder_version=&#8221;4.27.4&#8243; _module_preset=&#8221;default&#8221; global_colors_info=&#8221;{}&#8221;][\/et_pb_icon][\/et_pb_column][\/et_pb_row][\/et_pb_section][et_pb_section fb_built=&#8221;1&#8243; _builder_version=&#8221;4.27.4&#8243; _module_preset=&#8221;default&#8221; custom_padding=&#8221;0px|||||&#8221; locked=&#8221;off&#8221; global_colors_info=&#8221;{}&#8221;][et_pb_row admin_label=&#8221;row&#8221; _builder_version=&#8221;4.27.4&#8243; background_size=&#8221;initial&#8221; background_position=&#8221;top_left&#8221; background_repeat=&#8221;repeat&#8221; locked=&#8221;off&#8221; global_colors_info=&#8221;{}&#8221;][et_pb_column type=&#8221;4_4&#8243; module_class=&#8221;glass padding-medium&#8221; _builder_version=&#8221;4.27.4&#8243; custom_padding=&#8221;|||&#8221; global_colors_info=&#8221;{}&#8221; custom_padding__hover=&#8221;|||&#8221;][dsm_gradient_text gradient_text=&#8221;This website uses cookies.&#8221; _builder_version=&#8221;4.27.4&#8243; _module_preset=&#8221;default&#8221; header_level=&#8221;h2&#8243; header_font=&#8221;Be Vietnam Pro|600|||||||&#8221; background_color_gradient_direction=&#8221;150deg&#8221; background_color_gradient_stops=&#8221;#0f800f 0%|#eccd0b 18%|#277bef 35%&#8221; text_orientation=&#8221;left&#8221; global_colors_info=&#8221;{}&#8221;][\/dsm_gradient_text][\/et_pb_column][\/et_pb_row][et_pb_row use_custom_gutter=&#8221;on&#8221; make_equal=&#8221;on&#8221; _builder_version=&#8221;4.27.4&#8243; _module_preset=&#8221;default&#8221; locked=&#8221;off&#8221; global_colors_info=&#8221;{}&#8221;][et_pb_column type=&#8221;4_4&#8243; _builder_version=&#8221;4.27.4&#8243; _module_preset=&#8221;default&#8221; link_option_url=&#8221;#Bloc_01&#8243; global_colors_info=&#8221;{}&#8221;][et_pb_text _builder_version=&#8221;4.27.4&#8243; _module_preset=&#8221;default&#8221; global_colors_info=&#8221;{}&#8221;]<\/p>\n<p>Cookies allow us to personalize content and ads, provide social media features, and analyze our traffic. We also share information about your use of our site with our social media, advertising, and analytics partners, who may combine it with other information you have provided to them or that they have collected during your use of their services.<\/p>\n<p>Cookies are small text files that can be used by websites to make the user experience more efficient.<\/p>\n<p>The law states that we can only store cookies on your device if they are strictly necessary for the operation of this site. For all other types of cookies, we need your permission.<\/p>\n<p>[\/et_pb_text][\/et_pb_column][\/et_pb_row][et_pb_row admin_label=&#8221;row&#8221; _builder_version=&#8221;4.27.4&#8243; background_size=&#8221;initial&#8221; background_position=&#8221;top_left&#8221; background_repeat=&#8221;repeat&#8221; locked=&#8221;off&#8221; global_colors_info=&#8221;{}&#8221;][et_pb_column type=&#8221;4_4&#8243; module_class=&#8221;glass padding-medium&#8221; _builder_version=&#8221;4.27.4&#8243; custom_padding=&#8221;|||&#8221; global_colors_info=&#8221;{}&#8221; custom_padding__hover=&#8221;|||&#8221;][dsm_gradient_text gradient_text=&#8221;This site uses different types of cookies.&#8221; _builder_version=&#8221;4.27.4&#8243; _module_preset=&#8221;default&#8221; header_level=&#8221;h2&#8243; header_font=&#8221;Be Vietnam Pro|600|||||||&#8221; background_color_gradient_direction=&#8221;150deg&#8221; background_color_gradient_stops=&#8221;#0f800f 0%|#eccd0b 25%|#277bef 50%&#8221; text_orientation=&#8221;left&#8221; hover_enabled=&#8221;0&#8243; global_colors_info=&#8221;{}&#8221; sticky_enabled=&#8221;0&#8243;][\/dsm_gradient_text][\/et_pb_column][\/et_pb_row][et_pb_row use_custom_gutter=&#8221;on&#8221; make_equal=&#8221;on&#8221; _builder_version=&#8221;4.27.4&#8243; _module_preset=&#8221;default&#8221; locked=&#8221;off&#8221; global_colors_info=&#8221;{}&#8221;][et_pb_column type=&#8221;4_4&#8243; _builder_version=&#8221;4.27.4&#8243; _module_preset=&#8221;default&#8221; link_option_url=&#8221;#Bloc_01&#8243; global_colors_info=&#8221;{}&#8221;][et_pb_text _builder_version=&#8221;4.27.4&#8243; _module_preset=&#8221;default&#8221; global_colors_info=&#8221;{}&#8221;]<\/p>\n<p>Some cookies are placed by third-party services that appear on our pages.<\/p>\n<p>At any time, you can modify or withdraw your consent through the CookieYes popup displaying the &#8220;cookie policy&#8221; on our website or by clicking the &#8220;Y&#8221; in a blue circle located at the bottom left of our site.<\/p>\n<p>To learn more about who we are, how you can contact us, and how we handle personal data, please see our Privacy Policy.<\/p>\n<p>Please provide your consent identifier and the date when you contacted us regarding your consent.<\/p>\n<p>Your consent applies to the following domains : <a href=\"atransfertobrazil.com\">atransfertobrazil.com<\/a>.<\/p>\n<p>[\/et_pb_text][\/et_pb_column][\/et_pb_row][\/et_pb_section]<\/p>\n","protected":false},"excerpt":{"rendered":"<p>Cookies<div class=\"et_pb_module dsm_gradient_text dsm_gradient_text_0  et_pb_text_align_left\">\n\t\t\t\t\n\t\t\t\t\n\t\t\t\t\n\t\t\t\t\n\t\t\t\t\n\t\t\t\t\n\t\t\t\t<div class=\"et_pb_module_inner\">\n\t\t\t\t\t<h2 class=\"dsm-gradient-text et_pb_module_header\">This website uses cookies.<\/h2>\n\t\t\t\t<\/div>\n\t\t\t<\/div>Cookies allow us to personalize content and ads, provide social media features, and analyze our traffic. We also share information about your use of our site with our social media, advertising, and analytics partners, who may combine it with other information you have provided to them or that they have collected during your use of their services. Cookies are small text files that can be used by websites to make the user experience more efficient. The law states that we can only store cookies on your device if they are strictly necessary for the operation of this site. For all other types of cookies, we need your permission.<div class=\"et_pb_module dsm_gradient_text dsm_gradient_text_1  et_pb_text_align_left\">\n\t\t\t\t\n\t\t\t\t\n\t\t\t\t\n\t\t\t\t\n\t\t\t\t\n\t\t\t\t\n\t\t\t\t<div class=\"et_pb_module_inner\">\n\t\t\t\t\t<h2 class=\"dsm-gradient-text et_pb_module_header\">This site uses different types of cookies.<\/h2>\n\t\t\t\t<\/div>\n\t\t\t<\/div>Some cookies are placed by third-party services that appear on our pages. At any time, you can modify or withdraw your consent through the CookieYes popup displaying the &#8220;cookie policy&#8221; on our website or by clicking the &#8220;Y&#8221; in a blue circle located at the bottom left of our site. To learn more about [&hellip;]<\/p>\n","protected":false},"author":1,"featured_media":0,"parent":0,"menu_order":0,"comment_status":"closed","ping_status":"closed","template":"","meta":{"_et_pb_use_builder":"on","_et_pb_old_content":"","_et_gb_content_width":"","footnotes":""},"class_list":["post-1985","page","type-page","status-publish","hentry"],"yoast_head":"<!-- This site is optimized with the Yoast SEO plugin v27.2 - https:\/\/yoast.com\/product\/yoast-seo-wordpress\/ -->\n<title>Cookies - atransfertobrazil.com<\/title>\n<meta name=\"robots\" content=\"index, follow, max-snippet:-1, max-image-preview:large, max-video-preview:-1\" \/>\n<link rel=\"canonical\" href=\"https:\/\/atransfertobrazil.com\/en\/cookies-en\/\" \/>\n<meta property=\"og:locale\" content=\"en_US\" \/>\n<meta property=\"og:type\" content=\"article\" \/>\n<meta property=\"og:title\" content=\"Cookies - atransfertobrazil.com\" \/>\n<meta property=\"og:description\" content=\"CookiesCookies allow us to personalize content and ads, provide social media features, and analyze our traffic. We also share information about your use of our site with our social media, advertising, and analytics partners, who may combine it with other information you have provided to them or that they have collected during your use of their services. Cookies are small text files that can be used by websites to make the user experience more efficient. The law states that we can only store cookies on your device if they are strictly necessary for the operation of this site. For all other types of cookies, we need your permission.Some cookies are placed by third-party services that appear on our pages. At any time, you can modify or withdraw your consent through the CookieYes popup displaying the &quot;cookie policy&quot; on our website or by clicking the &quot;Y&quot; in a blue circle located at the bottom left of our site. To learn more about [&hellip;]\" \/>\n<meta property=\"og:url\" content=\"https:\/\/atransfertobrazil.com\/en\/cookies-en\/\" \/>\n<meta property=\"og:site_name\" content=\"atransfertobrazil.com\" \/>\n<meta property=\"article:modified_time\" content=\"2025-04-09T22:01:46+00:00\" \/>\n<meta name=\"twitter:card\" content=\"summary_large_image\" \/>\n<meta name=\"twitter:label1\" content=\"Est. reading time\" \/>\n\t<meta name=\"twitter:data1\" content=\"4 minutes\" \/>\n<script type=\"application\/ld+json\" class=\"yoast-schema-graph\">{\"@context\":\"https:\/\/schema.org\",\"@graph\":[{\"@type\":\"WebPage\",\"@id\":\"https:\/\/atransfertobrazil.com\/en\/cookies-en\/\",\"url\":\"https:\/\/atransfertobrazil.com\/en\/cookies-en\/\",\"name\":\"Cookies - atransfertobrazil.com\",\"isPartOf\":{\"@id\":\"https:\/\/atransfertobrazil.com\/en\/#website\"},\"datePublished\":\"2025-01-23T05:14:04+00:00\",\"dateModified\":\"2025-04-09T22:01:46+00:00\",\"breadcrumb\":{\"@id\":\"https:\/\/atransfertobrazil.com\/en\/cookies-en\/#breadcrumb\"},\"inLanguage\":\"en-US\",\"potentialAction\":[{\"@type\":\"ReadAction\",\"target\":[\"https:\/\/atransfertobrazil.com\/en\/cookies-en\/\"]}]},{\"@type\":\"BreadcrumbList\",\"@id\":\"https:\/\/atransfertobrazil.com\/en\/cookies-en\/#breadcrumb\",\"itemListElement\":[{\"@type\":\"ListItem\",\"position\":1,\"name\":\"Home\",\"item\":\"https:\/\/atransfertobrazil.com\/en\/\"},{\"@type\":\"ListItem\",\"position\":2,\"name\":\"Cookies\"}]},{\"@type\":\"WebSite\",\"@id\":\"https:\/\/atransfertobrazil.com\/en\/#website\",\"url\":\"https:\/\/atransfertobrazil.com\/en\/\",\"name\":\"atransfertobrazil.com\",\"description\":\"A Transfer to Brazil : La simplicit\u00e9 de vos d\u00e9placements \u00e0 travers le Br\u00e9sil.\",\"potentialAction\":[{\"@type\":\"SearchAction\",\"target\":{\"@type\":\"EntryPoint\",\"urlTemplate\":\"https:\/\/atransfertobrazil.com\/en\/?s={search_term_string}\"},\"query-input\":{\"@type\":\"PropertyValueSpecification\",\"valueRequired\":true,\"valueName\":\"search_term_string\"}}],\"inLanguage\":\"en-US\"}]}<\/script>\n<!-- \/ Yoast SEO plugin. -->","yoast_head_json":{"title":"Cookies - atransfertobrazil.com","robots":{"index":"index","follow":"follow","max-snippet":"max-snippet:-1","max-image-preview":"max-image-preview:large","max-video-preview":"max-video-preview:-1"},"canonical":"https:\/\/atransfertobrazil.com\/en\/cookies-en\/","og_locale":"en_US","og_type":"article","og_title":"Cookies - atransfertobrazil.com","og_description":"CookiesCookies allow us to personalize content and ads, provide social media features, and analyze our traffic. We also share information about your use of our site with our social media, advertising, and analytics partners, who may combine it with other information you have provided to them or that they have collected during your use of their services. Cookies are small text files that can be used by websites to make the user experience more efficient. The law states that we can only store cookies on your device if they are strictly necessary for the operation of this site. For all other types of cookies, we need your permission.Some cookies are placed by third-party services that appear on our pages. At any time, you can modify or withdraw your consent through the CookieYes popup displaying the \"cookie policy\" on our website or by clicking the \"Y\" in a blue circle located at the bottom left of our site. To learn more about [&hellip;]","og_url":"https:\/\/atransfertobrazil.com\/en\/cookies-en\/","og_site_name":"atransfertobrazil.com","article_modified_time":"2025-04-09T22:01:46+00:00","twitter_card":"summary_large_image","twitter_misc":{"Est. reading time":"4 minutes"},"schema":{"@context":"https:\/\/schema.org","@graph":[{"@type":"WebPage","@id":"https:\/\/atransfertobrazil.com\/en\/cookies-en\/","url":"https:\/\/atransfertobrazil.com\/en\/cookies-en\/","name":"Cookies - atransfertobrazil.com","isPartOf":{"@id":"https:\/\/atransfertobrazil.com\/en\/#website"},"datePublished":"2025-01-23T05:14:04+00:00","dateModified":"2025-04-09T22:01:46+00:00","breadcrumb":{"@id":"https:\/\/atransfertobrazil.com\/en\/cookies-en\/#breadcrumb"},"inLanguage":"en-US","potentialAction":[{"@type":"ReadAction","target":["https:\/\/atransfertobrazil.com\/en\/cookies-en\/"]}]},{"@type":"BreadcrumbList","@id":"https:\/\/atransfertobrazil.com\/en\/cookies-en\/#breadcrumb","itemListElement":[{"@type":"ListItem","position":1,"name":"Home","item":"https:\/\/atransfertobrazil.com\/en\/"},{"@type":"ListItem","position":2,"name":"Cookies"}]},{"@type":"WebSite","@id":"https:\/\/atransfertobrazil.com\/en\/#website","url":"https:\/\/atransfertobrazil.com\/en\/","name":"atransfertobrazil.com","description":"A Transfer to Brazil : La simplicit\u00e9 de vos d\u00e9placements \u00e0 travers le Br\u00e9sil.","potentialAction":[{"@type":"SearchAction","target":{"@type":"EntryPoint","urlTemplate":"https:\/\/atransfertobrazil.com\/en\/?s={search_term_string}"},"query-input":{"@type":"PropertyValueSpecification","valueRequired":true,"valueName":"search_term_string"}}],"inLanguage":"en-US"}]}},"_links":{"self":[{"href":"https:\/\/atransfertobrazil.com\/en\/wp-json\/wp\/v2\/pages\/1985","targetHints":{"allow":["GET"]}}],"collection":[{"href":"https:\/\/atransfertobrazil.com\/en\/wp-json\/wp\/v2\/pages"}],"about":[{"href":"https:\/\/atransfertobrazil.com\/en\/wp-json\/wp\/v2\/types\/page"}],"author":[{"embeddable":true,"href":"https:\/\/atransfertobrazil.com\/en\/wp-json\/wp\/v2\/users\/1"}],"replies":[{"embeddable":true,"href":"https:\/\/atransfertobrazil.com\/en\/wp-json\/wp\/v2\/comments?post=1985"}],"version-history":[{"count":9,"href":"https:\/\/atransfertobrazil.com\/en\/wp-json\/wp\/v2\/pages\/1985\/revisions"}],"predecessor-version":[{"id":2113,"href":"https:\/\/atransfertobrazil.com\/en\/wp-json\/wp\/v2\/pages\/1985\/revisions\/2113"}],"wp:attachment":[{"href":"https:\/\/atransfertobrazil.com\/en\/wp-json\/wp\/v2\/media?parent=1985"}],"curies":[{"name":"wp","href":"https:\/\/api.w.org\/{rel}","templated":true}]}}